{"id":6764,"date":"2022-09-13T13:14:19","date_gmt":"2022-09-13T11:14:19","guid":{"rendered":"https:\/\/spielleute.de\/condiciones-generales\/"},"modified":"2022-09-13T13:14:19","modified_gmt":"2022-09-13T11:14:19","slug":"condiciones-generales","status":"publish","type":"page","link":"https:\/\/spielleute.de\/es\/condiciones-generales\/","title":{"rendered":"Condiciones generales"},"content":{"rendered":"<div>\n<h2>\u00cdndice<\/h2>\n<ol>\n<li>\u00c1mbito de aplicaci\u00f3n<\/li>\n<li>Conclusi\u00f3n del contrato<\/li>\n<li>Derecho de cancelaci\u00f3n<\/li>\n<li>Precios y condiciones de pago<\/li>\n<li>Condiciones de entrega y env\u00edo<\/li>\n<li>Conservaci\u00f3n del t\u00edtulo<\/li>\n<li>Responsabilidad por defectos (garant\u00eda)<\/li>\n<li>Responsabilidad<\/li>\n<li>Legislaci\u00f3n aplicable<\/li>\n<li>Resoluci\u00f3n alternativa de conflictos<\/li>\n<\/ol>\n<h2>1) \u00c1mbito de aplicaci\u00f3n<\/h2>\n<p><b>1.1<\/b> Las presentes Condiciones Generales de la empresa Jonas B\u00f6ttcher, que opera con el nombre comercial \u00abVerlag der Spielleute &amp; tradmusica\u00bb (en lo sucesivo, el \u00abVendedor\u00bb) se aplicar\u00e1n a todos los contratos celebrados entre un consumidor o un comerciante (en lo sucesivo, el \u00abCliente\u00bb) y el Vendedor relativos a todos los bienes y\/o servicios presentados en la tienda online del Vendedor. Por la presente se rechaza la inclusi\u00f3n de los propios t\u00e9rminos y condiciones del Cliente, a menos que se acuerde lo contrario. <\/p>\n<p><b>1.2<\/b> Estas CGC se aplican en consecuencia a los contratos para la entrega de soportes f\u00edsicos de datos que sirven exclusivamente como soportes de contenidos digitales, a menos que se acuerde otra cosa. Los contenidos digitales en el sentido de estas CGC son datos creados y suministrados en forma digital. <\/p>\n<p><b>1.3<\/b> Un consumidor, en el sentido de estas CGC, es cualquier persona f\u00edsica que celebre un negocio jur\u00eddico con fines que no puedan atribuirse principalmente a su actividad comercial o profesional independiente.<\/p>\n<p><b>1.4<\/b> Un empresario, en el sentido de las presentes CGC, es una persona f\u00edsica o jur\u00eddica o una asociaci\u00f3n con capacidad jur\u00eddica que, al celebrar un negocio jur\u00eddico, act\u00faa en ejercicio de su actividad comercial, empresarial o profesional.<\/p>\n<h2>2) Celebraci\u00f3n del contrato<\/h2>\n<p><b>2.1<\/b> Las descripciones de productos contenidas en la tienda online del vendedor no constituyen ofertas vinculantes por parte del vendedor, sino que sirven para presentar una oferta vinculante por parte del cliente.<\/p>\n<p><b>2.2<\/b> El cliente puede presentar la oferta a trav\u00e9s del formulario de pedido online integrado en la tienda online del vendedor. Tras colocar los bienes seleccionados en la cesta de la compra virtual y pasar por el proceso de pedido electr\u00f3nico, el cliente presenta una oferta contractual legalmente vinculante con respecto a los bienes contenidos en la cesta de la compra haciendo clic en el bot\u00f3n que concluye el proceso de pedido. Adem\u00e1s, el cliente tambi\u00e9n puede presentar la oferta al vendedor por correo electr\u00f3nico, formulario de contacto en l\u00ednea, correo postal o tel\u00e9fono.  <\/p>\n<p><b>2.3<\/b> El vendedor puede aceptar la oferta del cliente en un plazo de cinco d\u00edas,<\/p>\n<ul>\n<li>enviando al cliente una confirmaci\u00f3n de pedido por escrito o una confirmaci\u00f3n de pedido en forma de texto (fax o correo electr\u00f3nico), siendo determinante a este respecto la recepci\u00f3n de la confirmaci\u00f3n de pedido por parte del cliente, o bien<\/li>\n<li>mediante la entrega al cliente de los bienes solicitados, siendo determinante la recepci\u00f3n de los bienes por parte del cliente, o bien<\/li>\n<li>solicitando el pago al cliente una vez realizado el pedido.<\/li>\n<\/ul>\n<p>Si existen varias de las alternativas mencionadas, el contrato se celebra en el momento en que una de las alternativas mencionadas se produzca en primer lugar. El plazo para aceptar la oferta comienza el d\u00eda siguiente al env\u00edo de la oferta por parte del cliente y termina al final del quinto d\u00eda siguiente al env\u00edo de la oferta. Si el vendedor no acepta la oferta del cliente en el plazo mencionado, se considerar\u00e1 que rechaza la oferta, con la consecuencia de que el cliente deja de estar vinculado por su declaraci\u00f3n de intenciones.  <\/p>\n<p><b>2.4<\/b>&nbsp;Si se selecciona una forma de pago ofrecida por PayPal, el pago se procesa a trav\u00e9s del proveedor de servicios de pago PayPal (Europe) S.\u00e0 r.l. et Cie, S.C.A., 22-24 Boulevard Royal, L-2449 Luxemburgo (en lo sucesivo, \u00abPayPal\u00bb), sujeto a las Condiciones de uso de PayPal, que pueden consultarse en  <a href=\"https:\/\/www.paypal.com\/de\/webapps\/mpp\/ua\/useragreement-full\" target=\"_blank\" rel=\"noopener\">https:\/\/www.paypal.com\/de\/webapps\/mpp\/ua\/useragreement-full<\/a>  o &#8211; si el cliente no tiene cuenta PayPal &#8211; sujeto a los t\u00e9rminos y condiciones para pagos sin cuenta PayPal, disponibles en  <a href=\"https:\/\/www.paypal.com\/de\/webapps\/mpp\/ua\/privacywax-full\" target=\"_blank\" rel=\"noopener\">https:\/\/www.paypal.com\/de\/webapps\/mpp\/ua\/privacywax-full<\/a>. Si el cliente paga utilizando una forma de pago ofrecida por PayPal que puede seleccionarse en el proceso de pedido en Internet, el vendedor declara la aceptaci\u00f3n de la oferta del cliente en el momento en que \u00e9ste pulsa el bot\u00f3n que completa el proceso de pedido.<\/p>\n<p><b>2.5<\/b> Al enviar una oferta a trav\u00e9s del formulario de pedido online del vendedor, el texto del contrato ser\u00e1 guardado por el vendedor tras la celebraci\u00f3n del contrato y enviado al cliente en forma de texto (por ejemplo, correo electr\u00f3nico, fax o carta) tras el env\u00edo del pedido del cliente. El vendedor no pondr\u00e1 a disposici\u00f3n el texto del contrato m\u00e1s all\u00e1 de esto. Si el cliente ha creado una cuenta de usuario en la tienda online del vendedor antes de enviar su pedido, los datos del pedido se archivan en el sitio web del vendedor y el cliente puede acceder a ellos gratuitamente a trav\u00e9s de su cuenta de usuario protegida por contrase\u00f1a introduciendo los datos de acceso correspondientes.  <\/p>\n<p><b>2.6<\/b> Antes de enviar un pedido vinculante a trav\u00e9s del formulario de pedido en l\u00ednea del vendedor, el cliente puede reconocer posibles errores de introducci\u00f3n de datos leyendo atentamente la informaci\u00f3n que aparece en la pantalla. Un medio t\u00e9cnico eficaz para reconocer mejor los errores de introducci\u00f3n puede ser la funci\u00f3n de aumento del navegador, que ampl\u00eda la visualizaci\u00f3n en la pantalla. Los clientes pueden corregir sus entradas durante el proceso de pedido electr\u00f3nico utilizando las funciones habituales del teclado y el rat\u00f3n hasta que pulsen el bot\u00f3n que finaliza el proceso de pedido.  <\/p>\n<p><b>2.7<\/b> El idioma alem\u00e1n est\u00e1 disponible para la celebraci\u00f3n del contrato.<\/p>\n<p><b>2.8<\/b> La tramitaci\u00f3n del pedido y el contacto se realizan generalmente por correo electr\u00f3nico y mediante la tramitaci\u00f3n automatizada del pedido. El cliente debe asegurarse de que la direcci\u00f3n de correo electr\u00f3nico facilitada por \u00e9l para la tramitaci\u00f3n del pedido es correcta para que los correos electr\u00f3nicos enviados por el vendedor puedan ser recibidos en dicha direcci\u00f3n. En particular, al utilizar filtros de SPAM, el cliente debe asegurarse de que todos los correos electr\u00f3nicos enviados por el vendedor o por terceros encargados por el vendedor de tramitar el pedido puedan ser entregados.  <\/p>\n<h2>3) Derecho de cancelaci\u00f3n<\/h2>\n<p><b>3.1<\/b> En general, los consumidores tienen derecho de desistimiento.<\/p>\n<p><b>3.2<\/b> Puedes encontrar m\u00e1s informaci\u00f3n sobre el derecho de cancelaci\u00f3n en la pol\u00edtica de cancelaci\u00f3n del vendedor.<\/p>\n<h2>4) Precios y condiciones de pago<\/h2>\n<p><b>4.1<\/b> Salvo que se indique lo contrario en la descripci\u00f3n del producto del vendedor, los precios indicados son precios totales que incluyen el IVA legal. Cualquier coste adicional de entrega y env\u00edo se indicar\u00e1 por separado en la descripci\u00f3n del producto correspondiente. <\/p>\n<p><b>4.2<\/b> En las entregas a pa\u00edses fuera de la Uni\u00f3n Europea, pueden producirse costes adicionales en casos concretos de los que el vendedor no es responsable y que correr\u00e1n a cargo del cliente. Entre ellos se incluyen, por ejemplo, los costes de transferencia de dinero por parte de entidades de cr\u00e9dito (por ejemplo, comisiones de transferencia, comisiones por tipo de cambio) o derechos o impuestos de importaci\u00f3n (por ejemplo, derechos de aduana). Estos costes tambi\u00e9n pueden producirse en relaci\u00f3n con la transferencia de fondos si la entrega no se realiza en un pa\u00eds fuera de la Uni\u00f3n Europea, pero el cliente realiza el pago desde un pa\u00eds fuera de la Uni\u00f3n Europea.  <\/p>\n<p><b>4.3<\/b> La opci\u00f3n u opciones de pago se comunicar\u00e1n al cliente en la tienda online del vendedor.<\/p>\n<p><b>4.4<\/b> Si se ha acordado el pago por adelantado mediante transferencia bancaria, el pago ser\u00e1 exigible inmediatamente despu\u00e9s de la celebraci\u00f3n del contrato, a menos que las partes hayan acordado una fecha de vencimiento posterior.<\/p>\n<p><b>4.5<\/b> Si se selecciona una forma de pago ofrecida a trav\u00e9s del servicio de pago \u00abPayPal\u00bb, el pago se procesar\u00e1 a trav\u00e9s de PayPal, aunque PayPal tambi\u00e9n puede utilizar los servicios de terceros proveedores de servicios de pago para este fin. Si el Vendedor tambi\u00e9n ofrece m\u00e9todos de pago a trav\u00e9s de PayPal para los que realiza pagos por adelantado al Cliente (por ejemplo, compra a cuenta o pago a plazos), cede su reclamaci\u00f3n de pago a este respecto a PayPal o al proveedor de servicios de pago encargado por PayPal y nombrado espec\u00edficamente al Cliente. Antes de aceptar la declaraci\u00f3n de cesi\u00f3n del vendedor, PayPal o el proveedor de servicios de pago encargado por PayPal realizar\u00e1 una comprobaci\u00f3n de cr\u00e9dito utilizando los datos del cliente transmitidos. El vendedor se reserva el derecho a denegar al cliente la forma de pago seleccionada en caso de que el resultado de la comprobaci\u00f3n sea negativo. Si se autoriza el m\u00e9todo de pago seleccionado, el cliente debe pagar el importe de la factura dentro del plazo de pago acordado o en los intervalos de pago acordados. En este caso, el cliente s\u00f3lo puede pagar a PayPal o al proveedor de servicios de pago encargado por PayPal con efecto liberatorio. Sin embargo, incluso en el caso de cesi\u00f3n de cr\u00e9ditos, el vendedor sigue siendo responsable de las consultas generales del cliente, por ejemplo, sobre mercanc\u00edas, plazo de entrega, env\u00edo, devoluciones, reclamaciones, declaraciones de revocaci\u00f3n y env\u00edos o notas de cr\u00e9dito.      <\/p>\n<p><b>4.6<\/b> Si se selecciona el m\u00e9todo de pago \u00abSOFORT\u00bb, el pago se procesa a trav\u00e9s del proveedor de servicios de pago SOFORT GmbH, Theresienh\u00f6he 12, 80339 M\u00fanich (en lo sucesivo, \u00abSOFORT\u00bb). Para poder pagar el importe de la factura a trav\u00e9s de \u00abSOFORT\u00bb, el cliente debe tener una cuenta bancaria online activada para participar en \u00abSOFORT\u00bb, legitimarse en consecuencia durante el proceso de pago y confirmar la instrucci\u00f3n de pago a \u00abSOFORT\u00bb. A continuaci\u00f3n, \u00abSOFORT\u00bb ejecuta inmediatamente la operaci\u00f3n de pago y se realiza el cargo en la cuenta bancaria del cliente. El cliente puede encontrar m\u00e1s informaci\u00f3n sobre el m\u00e9todo de pago \u00abSOFORT\u00bb en Internet en <a href=\"https:\/\/www.klarna.com\/sofort\/\" target=\"_blank\" rel=\"noopener\"><wbr><wbr> https:\/\/www.klarna.com\/sofort\/.<\/wbr><\/wbr><\/a>    <\/p>\n<p><b>4.7<\/b> Si se selecciona un m\u00e9todo de pago ofrecido a trav\u00e9s del servicio de pago \u00abStripe\u00bb, el pago se procesa a trav\u00e9s del proveedor de servicios de pago Stripe Payments Europe Ltd, 1 Grand Canal Street Lower, Grand Canal Dock, Dubl\u00edn, Irlanda (en adelante, \u00abStripe\u00bb). Los m\u00e9todos de pago individuales ofrecidos a trav\u00e9s de Stripe se comunican al cliente en la tienda online del vendedor. Stripe puede utilizar otros servicios de pago para procesar los pagos, a los que pueden aplicarse condiciones de pago especiales, de las que el cliente puede ser informado por separado. Puede encontrar m\u00e1s informaci\u00f3n sobre Stripe en Internet en <a href=\"https:\/\/stripe.com\/de\" target=\"_blank\" rel=\"noopener\"><wbr> https:\/\/stripe.com\/de.<\/wbr><\/a> <\/p>\n<p><b>4.8<\/b> Si se selecciona un m\u00e9todo de pago ofrecido a trav\u00e9s del servicio de pago \u00abSumUp\u00bb, el procesamiento del pago se realiza a trav\u00e9s del proveedor de servicios de pago SumUp Limited, Block 8, Harcourt Centre, Charlotte Way, Dubl\u00edn 2, Irlanda D02 K580 (en adelante \u00abSumUp\u00bb). Los m\u00e9todos de pago individuales ofrecidos a trav\u00e9s de Stripe se comunican al cliente en la tienda online del vendedor. SumUp puede utilizar otros servicios de pago para procesar los pagos, a los que se pueden aplicar condiciones de pago especiales, de las que se puede informar al cliente por separado. Puedes encontrar m\u00e1s informaci\u00f3n sobre SumUp en Internet en <a href=\"https:\/\/www.sumup.com\/de-de\/\" target=\"_blank\" rel=\"noopener\"><wbr><wbr> https:\/\/www.sumup.com\/de-de\/<\/wbr><\/wbr><\/a>.   <\/p>\n<p><b>4.9<\/b> Si se selecciona el m\u00e9todo de pago \u00abcompra a plazos easyCredit\u00bb, el pago se procesa a trav\u00e9s de TeamBank AG N\u00fcrnberg, Beuthener Stra\u00dfe 25, 90471 N\u00fcrnberg (en lo sucesivo, \u00abTeamBank AG\u00bb), al que el vendedor cede su derecho de pago. Antes de aceptar la declaraci\u00f3n de cesi\u00f3n del vendedor, TeamBank AG llevar\u00e1 a cabo una comprobaci\u00f3n de cr\u00e9dito utilizando los datos del cliente facilitados. El vendedor se reserva el derecho a denegar al cliente el m\u00e9todo de pago \u00abeasyCredit compra a plazos\u00bb si el resultado de la comprobaci\u00f3n es negativo. Si el m\u00e9todo de pago \u00abcompra a plazos easyCredit\u00bb es aprobado por TeamBank AG, el cliente deber\u00e1 pagar el importe de la factura a TeamBank AG de acuerdo con las condiciones especificadas por el vendedor y comunicadas a \u00e9ste en la tienda online del vendedor. En este caso, el Cliente s\u00f3lo podr\u00e1 realizar el pago a TeamBank AG con efecto liberatorio de la deuda. Sin embargo, incluso en el caso de cesi\u00f3n de cr\u00e9ditos, el vendedor sigue siendo responsable de las consultas generales del cliente, por ejemplo, sobre mercanc\u00edas, plazo de entrega, env\u00edo, devoluciones, reclamaciones, avisos de cancelaci\u00f3n y devoluciones o notas de cr\u00e9dito. Tambi\u00e9n se aplican las Condiciones Generales para las compras a plazos easyCredit, a las que se puede acceder online en <a href=\"https:\/\/www.easycredit-ratenkauf.de\/marketingmaterial-schulung\/allgemeine-geschaeftsbedingungen\/\" target=\"_blank\" rel=\"noopener\"><wbr><wbr><wbr> https:\/\/www.easycredit-ratenkauf.de\/marketingmaterial-schulung\/allgemeine-geschaeftsbedingungen\/<\/wbr><\/wbr><\/wbr><\/a>.      <\/p>\n<p><b>4.10<\/b> Si se selecciona un m\u00e9todo de pago ofrecido a trav\u00e9s del servicio de pago \u00abKlarna\u00bb, el pago se procesa a trav\u00e9s de Klarna Bank AB (publ), Sveav\u00e4gen 46, 111 34 Estocolmo, Suecia (en adelante \u00abKlarna\u00bb). Puedes consultar m\u00e1s informaci\u00f3n y las condiciones de Klarna aqu\u00ed: <\/p>\n<p><a href=\"https:\/\/bagpipe.de\/zahlungsarten\/#zahlungsarten-mit-klarna\" target=\"_blank\" rel=\"noopener\">https:\/\/bagpipe.de\/zahlungsarten\/#zahlungsarten-mit-klarna<\/a><\/p>\n<h2>5) Condiciones de entrega y env\u00edo<\/h2>\n<p><b>5.1<\/b> Si el vendedor se ofrece a enviar la mercanc\u00eda, la entrega se realizar\u00e1 dentro de la zona de entrega especificada por el vendedor a la direcci\u00f3n de entrega especificada por el cliente, a menos que se acuerde otra cosa. La direcci\u00f3n de entrega especificada en la tramitaci\u00f3n del pedido del vendedor es determinante para la tramitaci\u00f3n de la transacci\u00f3n. <\/p>\n<p><b>5.2<\/b> Si la entrega de la mercanc\u00eda fracasa por causas imputables al cliente, \u00e9ste correr\u00e1 con los gastos razonables en que incurra el vendedor como consecuencia de ello. Esto no se aplica a los gastos de devoluci\u00f3n si el cliente ejerce efectivamente su derecho de desistimiento. Si el cliente ejerce efectivamente su derecho de desistimiento, se aplicar\u00e1 a los gastos de devoluci\u00f3n lo dispuesto en la pol\u00edtica de desistimiento del vendedor.  <\/p>\n<p><b>5.3<\/b> Si el cliente act\u00faa como empresario, el riesgo de p\u00e9rdida accidental y deterioro accidental de los bienes vendidos se transmitir\u00e1 al cliente tan pronto como el vendedor haya entregado los bienes al transitario, transportista u otra persona u organizaci\u00f3n designada para realizar el env\u00edo. Si el cliente act\u00faa como consumidor, el riesgo de p\u00e9rdida accidental y deterioro accidental de los bienes vendidos no se transmitir\u00e1 hasta que los bienes sean entregados al cliente o a una persona autorizada para recibirlos. No obstante lo anterior, el riesgo de p\u00e9rdida fortuita y deterioro fortuito de la mercanc\u00eda vendida se transmitir\u00e1 al cliente, incluso en el caso de consumidores, tan pronto como el vendedor haya entregado la mercanc\u00eda al transitario, transportista u otra persona u organizaci\u00f3n designada para realizar el env\u00edo, si el cliente ha encargado al transitario, transportista u otra persona u organizaci\u00f3n designada para realizar el env\u00edo y el vendedor no ha nombrado previamente a esta persona u organizaci\u00f3n al cliente.  <\/p>\n<p><b>5.4<\/b> El Vendedor se reserva el derecho a rescindir el contrato en caso de autoentrega incorrecta o indebida. Esto s\u00f3lo se aplicar\u00e1 en el caso de que el Vendedor no sea responsable de la falta de entrega y el Vendedor haya concluido una transacci\u00f3n de cobertura espec\u00edfica con el proveedor con la debida diligencia. El vendedor har\u00e1 todos los esfuerzos razonables para conseguir las mercanc\u00edas. En caso de no disponibilidad o de disponibilidad parcial de la mercanc\u00eda, se informar\u00e1 inmediatamente al cliente y se le reembolsar\u00e1 la contraprestaci\u00f3n sin demora.   <\/p>\n<p><b>5.5<\/b> La auto-recolecci\u00f3n no es posible por razones log\u00edsticas.<\/p>\n<h2>6) Conservaci\u00f3n del t\u00edtulo<\/h2>\n<p>Si el vendedor realiza el pago por adelantado, conservar\u00e1 la propiedad de los bienes entregados hasta que el precio de compra adeudado haya sido abonado en su totalidad.<\/p>\n<h2>7) Responsabilidad por defectos (garant\u00eda)<\/h2>\n<p>Salvo que se indique lo contrario en las disposiciones siguientes, se aplicar\u00e1n las disposiciones de responsabilidad legal por defectos. A diferencia de lo anterior, se aplicar\u00e1 lo siguiente a los contratos de entrega de mercanc\u00edas: <\/p>\n<p><b>7.1<\/b> Si el cliente act\u00faa como empresario,<\/p>\n<ul>\n<li>el vendedor puede elegir el tipo de cumplimiento posterior;<\/li>\n<li>el plazo de prescripci\u00f3n de los derechos de garant\u00eda de los bienes nuevos es de un a\u00f1o a partir de la entrega de los bienes;<\/li>\n<li>los derechos de garant\u00eda quedan excluidos para los bienes usados;<\/li>\n<li>el plazo de prescripci\u00f3n no se reanudar\u00e1 si se realiza una entrega de sustituci\u00f3n como parte de la responsabilidad por defectos.<\/li>\n<\/ul>\n<p><b>7.2<\/b> Si el cliente act\u00faa como consumidor, se aplicar\u00e1 lo siguiente a los contratos de entrega de bienes usados con la restricci\u00f3n de la cl\u00e1usula siguiente: El plazo de prescripci\u00f3n de las reclamaciones por defectos es de un a\u00f1o a partir de la entrega de los bienes si as\u00ed se ha acordado contractualmente de forma expresa y por separado entre las partes y el cliente fue informado espec\u00edficamente de la reducci\u00f3n del plazo de prescripci\u00f3n antes de presentar su declaraci\u00f3n contractual.<\/p>\n<p><b>7.3<\/b> Las limitaciones de responsabilidad y la reducci\u00f3n de los plazos mencionadas anteriormente no se aplicar\u00e1n<\/p>\n<ul>\n<li>para reclamaciones por da\u00f1os y reembolso de gastos por parte del cliente,<\/li>\n<li>en caso de que el vendedor haya ocultado fraudulentamente el defecto,<\/li>\n<li>para bienes que han sido utilizados para un edificio de acuerdo con su uso normal y han causado su defectuosidad,<\/li>\n<li>para cualquier obligaci\u00f3n existente del vendedor de proporcionar actualizaciones para productos digitales, en el caso de contratos de suministro de bienes con elementos digitales.<\/li>\n<\/ul>\n<p><b>7.4<\/b> Adem\u00e1s, para los empresarios, los plazos de prescripci\u00f3n de cualquier derecho de recurso legal existente no se ver\u00e1n afectados.<\/p>\n<p><b>7.5<\/b> Si el cliente act\u00faa como comerciante en el sentido del \u00a7 1 del C\u00f3digo de Comercio alem\u00e1n (HGB), estar\u00e1 sujeto a la obligaci\u00f3n comercial de inspeccionar y notificar los defectos seg\u00fan el \u00a7 377 del HGB. Si el cliente no cumple las obligaciones de notificaci\u00f3n all\u00ed reguladas, la mercanc\u00eda se considerar\u00e1 aprobada. <\/p>\n<p><b>7.6<\/b> Si el cliente act\u00faa como consumidor, se le ruega que reclame al repartidor las mercanc\u00edas entregadas con da\u00f1os de transporte evidentes y que informe de ello al vendedor. Si el cliente no lo hace, esto no tendr\u00e1 ning\u00fan efecto sobre sus reclamaciones legales o contractuales por defectos. <\/p>\n<h2>8) Responsabilidad civil<\/h2>\n<p>El Vendedor ser\u00e1 responsable ante el Cliente de todas las reclamaciones contractuales, cuasicontractuales y legales, incluidas las reclamaciones extracontractuales, por da\u00f1os y perjuicios y reembolso de gastos de la siguiente forma:<\/p>\n<p><b>8.1<\/b> El Vendedor ser\u00e1 responsable sin limitaci\u00f3n por cualquier motivo legal<\/p>\n<ul>\n<li>en caso de dolo o negligencia grave,<\/li>\n<li>en caso de lesi\u00f3n intencionada o negligente de la vida, la integridad f\u00edsica o la salud,<\/li>\n<li>sobre la base de una promesa de garant\u00eda, salvo acuerdo en contrario,<\/li>\n<li>debido a la responsabilidad obligatoria, como en virtud de la Ley de Responsabilidad por Productos Defectuosos.<\/li>\n<\/ul>\n<p><b>8.2<\/b> Si el Vendedor incumple negligentemente una obligaci\u00f3n contractual esencial, la responsabilidad se limitar\u00e1 a los da\u00f1os previsibles t\u00edpicos del contrato, salvo que la responsabilidad sea ilimitada conforme a la cl\u00e1usula anterior. Las obligaciones contractuales esenciales son obligaciones que el contrato impone al vendedor seg\u00fan su contenido para alcanzar el objeto del contrato, cuyo cumplimiento hace posible en primer lugar la correcta ejecuci\u00f3n del contrato y en cuya observancia puede confiar regularmente el cliente. <\/p>\n<p><b>8.3<\/b> Queda excluida cualquier otra responsabilidad del Vendedor.<\/p>\n<p><b>8.4<\/b> Las disposiciones de responsabilidad anteriores tambi\u00e9n se aplicar\u00e1n con respecto a la responsabilidad del Vendedor por sus auxiliares ejecutivos y representantes legales.<\/p>\n<h2>9) Legislaci\u00f3n aplicable<\/h2>\n<p>El derecho de la Rep\u00fablica Federal de Alemania se aplicar\u00e1 a todas las relaciones jur\u00eddicas entre las partes, con exclusi\u00f3n del derecho de compraventa internacional de mercanc\u00edas. En el caso de los consumidores, esta elecci\u00f3n de ley s\u00f3lo se aplicar\u00e1 en la medida en que no se retire la protecci\u00f3n concedida por las disposiciones imperativas de la ley del pa\u00eds en el que el consumidor tenga su residencia habitual. <\/p>\n<h2>10) Resoluci\u00f3n alternativa de conflictos<\/h2>\n<p>El vendedor no est\u00e1 obligado ni dispuesto a participar en un procedimiento de resoluci\u00f3n de litigios ante una junta de arbitraje de consumo.<\/p>\n<\/div>\n<div id=\"itkanzlei_txt_copyright\" style=\"font-size: 12px; margin-top: 8em;\">\n<div style=\"display: inline-block; vertical-align: top; margin-left: 5px; float: right; white-space: nowrap;\">Estado: 15\/04\/2025, 03:10:06 h<\/div>\n<div style=\"clear: right;\"><\/div>\n<\/div>\n","protected":false},"excerpt":{"rendered":"<p>\u00cdndice \u00c1mbito de aplicaci\u00f3n Conclusi\u00f3n del contrato Derecho de cancelaci\u00f3n Precios y condiciones de pago Condiciones de entrega y env\u00edo Conservaci\u00f3n del t\u00edtulo Responsabilidad por defectos (garant\u00eda) Responsabilidad Legislaci\u00f3n aplicable [&hellip;]<\/p>\n","protected":false},"author":1,"featured_media":0,"parent":0,"menu_order":0,"comment_status":"closed","ping_status":"closed","template":"","meta":{"footnotes":""},"class_list":["post-6764","page","type-page","status-publish","hentry"],"_links":{"self":[{"href":"https:\/\/spielleute.de\/es\/wp-json\/wp\/v2\/pages\/6764","targetHints":{"allow":["GET"]}}],"collection":[{"href":"https:\/\/spielleute.de\/es\/wp-json\/wp\/v2\/pages"}],"about":[{"href":"https:\/\/spielleute.de\/es\/wp-json\/wp\/v2\/types\/page"}],"author":[{"embeddable":true,"href":"https:\/\/spielleute.de\/es\/wp-json\/wp\/v2\/users\/1"}],"replies":[{"embeddable":true,"href":"https:\/\/spielleute.de\/es\/wp-json\/wp\/v2\/comments?post=6764"}],"version-history":[{"count":0,"href":"https:\/\/spielleute.de\/es\/wp-json\/wp\/v2\/pages\/6764\/revisions"}],"wp:attachment":[{"href":"https:\/\/spielleute.de\/es\/wp-json\/wp\/v2\/media?parent=6764"}],"curies":[{"name":"wp","href":"https:\/\/api.w.org\/{rel}","templated":true}]}}