{"id":6762,"date":"2023-09-27T16:32:48","date_gmt":"2023-09-27T14:32:48","guid":{"rendered":"https:\/\/spielleute.de\/sobre-nosotros-verlag-der-spielleute\/"},"modified":"2025-04-30T16:22:27","modified_gmt":"2025-04-30T14:22:27","slug":"sobre-nosotros-verlag-der-spielleute","status":"publish","type":"page","link":"https:\/\/spielleute.de\/es\/sobre-nosotros-verlag-der-spielleute\/","title":{"rendered":"Sobre nosotros &#8211; Verlag der Spielleute"},"content":{"rendered":"\n<p class=\"has-text-align-center\">Desde hace m\u00e1s de tres d\u00e9cadas, Verlag der Spielleute publica libros y grabaciones dedicados espec\u00edficamente a la gaita y la m\u00fasica de z\u00e1nganos. Los libros de texto y las colecciones de partituras para instrumentos de bord\u00f3n como la gaita, la nyckelharpa y la zanfona siempre han sido el centro de nuestro trabajo. En los \u00faltimos a\u00f1os hemos ampliado nuestros conocimientos y nos hemos dedicado a las dem\u00e1s m\u00fasicas tradicionales de Europa para honrar la diversidad de la cultura europea.  <\/p>\n\n<div class=\"wp-block-rank-math-toc-block\" id=\"rank-math-toc\"><h2>Inhaltsverzeichnis<\/h2><nav><ul><li><a href=\"#herzlich-willkommen-beim-verlag-der-spielleute\">Bienvenido a la editorial Spielleute<\/a><\/li><li><a href=\"#firmengeschichte\">Historia de la empresa<\/a><\/li><li><a href=\"#zukunftsvision\">Visi\u00f3n de futuro<\/a><\/li><\/ul><\/nav><\/div>\n\n<h2 class=\"wp-block-heading\" id=\"herzlich-willkommen-beim-verlag-der-spielleute\">Bienvenido a la editorial Spielleute<\/h2>\n<div class=\"wp-block-image\">\n<figure class=\"alignleft size-thumbnail\"><img loading=\"lazy\" decoding=\"async\" width=\"150\" height=\"150\" src=\"https:\/\/stage.spielleute.de\/wp-content\/uploads\/sites\/2\/2023\/06\/2022_vs_favicon_spielmannS_solid_black_on_white-150x150.png\" alt=\"Editorial de los juglares\" class=\"wp-image-188\" title=\"\" srcset=\"https:\/\/spielleute.de\/wp-content\/uploads\/sites\/2\/2023\/06\/2022_vs_favicon_spielmannS_solid_black_on_white-150x150.png 150w, https:\/\/spielleute.de\/wp-content\/uploads\/sites\/2\/2023\/06\/2022_vs_favicon_spielmannS_solid_black_on_white-300x300.png 300w, https:\/\/spielleute.de\/wp-content\/uploads\/sites\/2\/2023\/06\/2022_vs_favicon_spielmannS_solid_black_on_white-324x324.png 324w, https:\/\/spielleute.de\/wp-content\/uploads\/sites\/2\/2023\/06\/2022_vs_favicon_spielmannS_solid_black_on_white-416x416.png 416w, https:\/\/spielleute.de\/wp-content\/uploads\/sites\/2\/2023\/06\/2022_vs_favicon_spielmannS_solid_black_on_white-100x100.png 100w, https:\/\/spielleute.de\/wp-content\/uploads\/sites\/2\/2023\/06\/2022_vs_favicon_spielmannS_solid_black_on_white-64x64.png 64w, https:\/\/spielleute.de\/wp-content\/uploads\/sites\/2\/2023\/06\/2022_vs_favicon_spielmannS_solid_black_on_white.png 512w\" sizes=\"auto, (max-width: 150px) 100vw, 150px\" \/><\/figure>\n<\/div>\n<p>\u00a1Bienvenido a la editorial Spielleute! Nuestra historia se caracteriza por la pasi\u00f3n por la m\u00fasica tradicional y el deseo de compartir esta pasi\u00f3n contigo. Verlag der Spielleute se fund\u00f3 en 1988 con el claro objetivo de promover la <a href=\"https:\/\/de.wikipedia.org\/wiki\/Bordunmusik\" target=\"_blank\" rel=\"noopener\">m\u00fasica drone <\/a>.  <\/p>\n\n<p>En abril de 2022, Jonas B\u00f6ttcher se hizo cargo de la editorial y contin\u00faa nuestra misi\u00f3n. Nuestra gama de productos sigue incluyendo los importantes t\u00edtulos de nuestro cat\u00e1logo editorial, que estamos orgullosos de presentar. La editorial est\u00e1 ampliando su enfoque de la m\u00fasica drone a la m\u00fasica tradicional europea.  <\/p>\n\n<p>En las \u00faltimas d\u00e9cadas, la m\u00fasica de drones ha experimentado un sorprendente renacimiento. Gracias al desarrollo continuo y al perfeccionamiento musical, los drones son ahora instrumentos musicales que hay que tomarse en serio y pueden o\u00edrse en las salas de conciertos de Europa. Estamos orgullosos de haber contribuido a revitalizar y promover esta m\u00fasica.  <\/p>\n\n<blockquote class=\"wp-block-quote is-layout-flow wp-block-quote-is-layout-flow\">\n<p>\u00abLa tradici\u00f3n no es la adoraci\u00f3n de las cenizas,<br\/>sino la transmisi\u00f3n del fuego\u00bb.<\/p>\n<cite>adaptado libremente de Jean Jaur\u00e8s<\/cite><\/blockquote>\n\n<p>Nuestra gama de productos incluye <a href=\"https:\/\/spielleute.de\/es\/partituras\/\">libros de m\u00fasica y canciones<\/a>, <a href=\"https:\/\/spielleute.de\/es\/no-ficcion\/\">libros<\/a><a href=\"https:\/\/spielleute.de\/es\/libro-de-texto\/\"> instructivos<\/a> y de no ficci\u00f3n, instrucciones de baile y producciones en CD. Nuestro objetivo era y es ayudar a los autores, m\u00fasicos y conjuntos a que sus publicaciones sean accesibles a un p\u00fablico amplio. Estamos convencidos de que la m\u00fasica en todas sus facetas sirve para conectar a la gente y preservar los tesoros culturales.  <\/p>\n\n<p>Te invitamos cordialmente a explorar toda nuestra gama de libros y grabaciones para gaita, zanfona, acorde\u00f3n, nyckelharpa y muchos otros instrumentos. Sum\u00e9rgete en el fascinante mundo de la m\u00fasica zumbona y los sonidos hist\u00f3ricos con Verlag der Spielleute. <\/p>\n\n<h2 class=\"wp-block-heading\" id=\"firmengeschichte\">Historia de la empresa<\/h2>\n\n<p>La historia de la editorial Spielleute est\u00e1 estrechamente ligada al grupo musical \u00abSpielleut\u00bb y a su pasi\u00f3n por la m\u00fasica tradicional. En los a\u00f1os 70, m\u00fasicos como Gert Dannemann, Hartwig B\u00fcsemeyer, Dieter Rurl\u00e4nder y Willi Sch\u00fchle se reunieron en el \u00abForum 3\u00bb de Stuttgart. All\u00ed naci\u00f3 la idea de revivir la m\u00fasica folcl\u00f3rica alemana, aunque entonces no fuera especialmente popular.  <\/p>\n\n<p>Un momento decisivo fue cuando Erich Schmeckenbecher y Thomas Friz interpretaron cuatro canciones alemanas grabadas en cinta. \u00c9ste fue el comienzo de la historia del grupo \u00abZupfgeigenhansel\u00bb. Empezaron a tocar canciones populares alemanas y descubrieron la zanfona, un instrumento central en su m\u00fasica.<\/p>\n<div class=\"wp-block-image\">\n<figure class=\"aligncenter size-full\"><img loading=\"lazy\" decoding=\"async\" width=\"760\" height=\"360\" src=\"https:\/\/spielleute.de\/wp-content\/uploads\/sites\/2\/2024\/02\/slider_spielleute-Nr-1-Begruessung-20180508.png\" alt=\"\" class=\"wp-image-917\" title=\"\" srcset=\"https:\/\/spielleute.de\/wp-content\/uploads\/sites\/2\/2024\/02\/slider_spielleute-Nr-1-Begruessung-20180508.png 760w, https:\/\/spielleute.de\/wp-content\/uploads\/sites\/2\/2024\/02\/slider_spielleute-Nr-1-Begruessung-20180508-150x71.png 150w, https:\/\/spielleute.de\/wp-content\/uploads\/sites\/2\/2024\/02\/slider_spielleute-Nr-1-Begruessung-20180508-300x142.png 300w, https:\/\/spielleute.de\/wp-content\/uploads\/sites\/2\/2024\/02\/slider_spielleute-Nr-1-Begruessung-20180508-324x153.png 324w, https:\/\/spielleute.de\/wp-content\/uploads\/sites\/2\/2024\/02\/slider_spielleute-Nr-1-Begruessung-20180508-416x197.png 416w, https:\/\/spielleute.de\/wp-content\/uploads\/sites\/2\/2024\/02\/slider_spielleute-Nr-1-Begruessung-20180508-64x30.png 64w\" sizes=\"auto, (max-width: 760px) 100vw, 760px\" \/><figcaption class=\"wp-element-caption\">Gr\u00e1fico de 2018<\/figcaption><\/figure>\n<\/div>\n<p>Los juglares se inspiraron en grabaciones de otros grupos y recopilaron piezas de la literatura renacentista. Actuaron por primera vez como \u00abSturmsack\u00bb en 1977. La editorial Spielleute se fund\u00f3 en 1988, originalmente para publicar libros de Martina Sirtl. M\u00e1s tarde, la editorial se convirti\u00f3 en una importante instituci\u00f3n que preservaba la m\u00fasica y la literatura tradicionales y las hac\u00eda accesibles a un p\u00fablico m\u00e1s amplio.   <\/p>\n\n<p>A finales de 2015, Verlag der Spielleute cerr\u00f3 sus puertas debido a la ca\u00edda de la demanda de libros y CD, as\u00ed como a la disponibilidad de partituras y descargas de m\u00fasica en l\u00ednea. Los accionistas decidieron cerrar la editorial. Sin embargo, Michael Hofmann, que m\u00e1s tarde se hizo cargo de la editorial, garantiz\u00f3 la disponibilidad de los t\u00edtulos existentes a trav\u00e9s de su empresa bagpipe.de e incluso se plante\u00f3 reimpresiones y nuevas ediciones.  <\/p>\n\n<p>Hoy, la editorial Spielleute contin\u00faa la pasi\u00f3n y el compromiso con la m\u00fasica tradicional y contribuye a mantener vivo nuestro valioso patrimonio cultural.<\/p>\n\n<h2 class=\"wp-block-heading\" id=\"zukunftsvision\">Visi\u00f3n de futuro<\/h2>\n\n<p>Ahora, en su segunda generaci\u00f3n, Verlag der Spielleute se esfuerza por convertirse en la principal fuente de libros de texto y colecciones de partituras de m\u00fasica tradicional europea en el mundo de habla alemana. Nuestro objetivo es proporcionarte una introducci\u00f3n completa y sin fisuras a la m\u00fasica folcl\u00f3rica. <\/p>\n\n<p><\/p>\n","protected":false},"excerpt":{"rendered":"<p>Desde hace m\u00e1s de tres d\u00e9cadas, Verlag der Spielleute publica libros y grabaciones dedicados espec\u00edficamente a la gaita y la m\u00fasica de z\u00e1nganos. Los libros de texto y las colecciones [&hellip;]<\/p>\n","protected":false},"author":1,"featured_media":6766,"parent":0,"menu_order":0,"comment_status":"closed","ping_status":"closed","template":"","meta":{"footnotes":""},"class_list":["post-6762","page","type-page","status-publish","has-post-thumbnail","hentry"],"_links":{"self":[{"href":"https:\/\/spielleute.de\/es\/wp-json\/wp\/v2\/pages\/6762","targetHints":{"allow":["GET"]}}],"collection":[{"href":"https:\/\/spielleute.de\/es\/wp-json\/wp\/v2\/pages"}],"about":[{"href":"https:\/\/spielleute.de\/es\/wp-json\/wp\/v2\/types\/page"}],"author":[{"embeddable":true,"href":"https:\/\/spielleute.de\/es\/wp-json\/wp\/v2\/users\/1"}],"replies":[{"embeddable":true,"href":"https:\/\/spielleute.de\/es\/wp-json\/wp\/v2\/comments?post=6762"}],"version-history":[{"count":1,"href":"https:\/\/spielleute.de\/es\/wp-json\/wp\/v2\/pages\/6762\/revisions"}],"predecessor-version":[{"id":6767,"href":"https:\/\/spielleute.de\/es\/wp-json\/wp\/v2\/pages\/6762\/revisions\/6767"}],"wp:featuredmedia":[{"embeddable":true,"href":"https:\/\/spielleute.de\/es\/wp-json\/wp\/v2\/media\/6766"}],"wp:attachment":[{"href":"https:\/\/spielleute.de\/es\/wp-json\/wp\/v2\/media?parent=6762"}],"curies":[{"name":"wp","href":"https:\/\/api.w.org\/{rel}","templated":true}]}}