{"id":6754,"date":"2023-06-08T14:13:10","date_gmt":"2023-06-08T12:13:10","guid":{"rendered":"https:\/\/spielleute.de\/para-el-comercio-de-libros\/"},"modified":"2025-04-30T16:22:25","modified_gmt":"2025-04-30T14:22:25","slug":"para-el-comercio-de-libros","status":"publish","type":"page","link":"https:\/\/spielleute.de\/es\/para-el-comercio-de-libros\/","title":{"rendered":"Para el comercio de libros"},"content":{"rendered":"\n<p class=\"has-text-align-center\">Bienvenido a Verlag der Spielleute, tu especialista en m\u00fasica tradicional y socio en el comercio de libros. Desde 1988 estamos comprometidos con el cultivo y la difusi\u00f3n de la m\u00fasica zumbona y tradicional, con productos que van desde libros de texto hasta colecciones de partituras. Como cliente comercial, disfrutar\u00e1s de condiciones comerciales especiales en nuestra tienda web, incluidos descuentos e informaci\u00f3n sobre existencias para que tu compra sea eficaz.  <\/p>\n\n<h2 class=\"wp-block-heading\">Pedidos en la tienda online<\/h2>\n\n<p>Haz tu pedido a trav\u00e9s del acceso para minoristas y benef\u00edciate de descuentos autom\u00e1ticos e informaci\u00f3n sobre existencias en tiempo real. Env\u00eda tu solicitud por correo electr\u00f3nico a <a href=\"mailto:verlag@spielleute.de\">verlag@spielleute.de.<\/a> Env\u00edanos como prueba tu licencia comercial o un extracto del registro mercantil.  <\/p>\n\n<p>Tus ventajas al hacer un pedido en la tienda web:<\/p>\n\n<ul class=\"wp-block-list\">\n<li>No hay tiempo de espera debido al procesamiento manual<\/li>\n\n\n\n<li>Descuento extra en comparaci\u00f3n Pedido por tel\u00e9fono\/correo electr\u00f3nico\/otro<\/li>\n\n\n\n<li>Informaci\u00f3n sobre la disponibilidad de t\u00edtulos en tiempo real<\/li>\n\n\n\n<li>Descuento autom\u00e1tico en funci\u00f3n de la cantidad de tu pedido<\/li>\n\n\n\n<li>Suele ser m\u00e1s barato que en el bar<\/li>\n<\/ul>\n\n<h2 class=\"wp-block-heading\">Condiciones para los libreros<\/h2>\n\n<p>La tabla te muestra, como librero, las distintas condiciones del descuento que recibes al comprar libros. El descuento se indica en porcentaje y var\u00eda en funci\u00f3n del n\u00famero de ejemplares que compres. <\/p>\n\n<figure class=\"wp-block-table is-style-stripes\"><table><thead><tr><th><strong>N\u00famero de copias (mixtas)<\/strong><\/th><th>Descuento en la tienda web (%)<\/th><th><strong>Descuento por tel\u00e9fono\/correo electr\u00f3nico\/etc. (%)<\/strong><\/th><\/tr><\/thead><tbody><tr><td>1 &#8211; 4<\/td><td>30 %<\/td><td>25 %<\/td><\/tr><tr><td>de 5<\/td><td>35 %<\/td><td>30 %<\/td><\/tr><tr><td>de 10<\/td><td>40 %<\/td><td>35 %<\/td><\/tr><tr><td>de 20<\/td><td>45 %<\/td><td>40 %<\/td><\/tr><tr><td>de 30<\/td><td>50 %<\/td><td>45 %<\/td><\/tr><tr><td>a partir de 50<\/td><td>55 %<\/td><td>50 %<\/td><\/tr><tr><td>de 100<\/td><td>60 %<\/td><td>55 %<\/td><\/tr><\/tbody><\/table><\/figure>\n\n<p>Estas condiciones se aplican espec\u00edficamente a libreros como t\u00fa y han sido establecidas por la editorial Spielleute. El descuento te permite comprar libros a un precio m\u00e1s bajo, lo que puede ayudarte a mejorar tus m\u00e1rgenes de beneficio o a hacer ofertas m\u00e1s atractivas a tus clientes. <\/p>\n\n<p><strong>Condiciones de pago:<\/strong> Pagadero a la recepci\u00f3n de la factura, estrictamente neto<\/p>\n\n<h2 class=\"wp-block-heading\">Gastos de env\u00edo<\/h2>\n\n<p>Para conocer los gastos de env\u00edo, consulta <a href=\"https:\/\/spielleute.de\/es\/gastos-de-envio-y-entrega\/\">Env\u00edo y entrega<\/a>.<\/p>\n\n<h2 class=\"wp-block-heading\">Asociaci\u00f3n de la Bolsa<\/h2>\n\n<p>Puedes consultar toda la informaci\u00f3n sobre nuestros t\u00edtulos en tu sistema a trav\u00e9s del <a href=\"https:\/\/vlb.de\/\" target=\"_blank\" rel=\"noopener\">VLB (Verzeichnis Lieferbarer B\u00fccher).<\/a> <\/p>\n\n<h2 class=\"wp-block-heading\">Bolet\u00edn<\/h2>\n\n<p>Las nuevas publicaciones y reimpresiones se anuncian en nuestro bolet\u00edn, <a href=\"https:\/\/spielleute.de\/es\/boletin\/\">al que puedes suscribirte aqu\u00ed<\/a>.<\/p>\n","protected":false},"excerpt":{"rendered":"<p>Bienvenido a Verlag der Spielleute, tu especialista en m\u00fasica tradicional y socio en el comercio de libros. Desde 1988 estamos comprometidos con el cultivo y la difusi\u00f3n de la m\u00fasica [&hellip;]<\/p>\n","protected":false},"author":1,"featured_media":6759,"parent":0,"menu_order":0,"comment_status":"closed","ping_status":"closed","template":"","meta":{"footnotes":""},"class_list":["post-6754","page","type-page","status-publish","has-post-thumbnail","hentry"],"_links":{"self":[{"href":"https:\/\/spielleute.de\/es\/wp-json\/wp\/v2\/pages\/6754","targetHints":{"allow":["GET"]}}],"collection":[{"href":"https:\/\/spielleute.de\/es\/wp-json\/wp\/v2\/pages"}],"about":[{"href":"https:\/\/spielleute.de\/es\/wp-json\/wp\/v2\/types\/page"}],"author":[{"embeddable":true,"href":"https:\/\/spielleute.de\/es\/wp-json\/wp\/v2\/users\/1"}],"replies":[{"embeddable":true,"href":"https:\/\/spielleute.de\/es\/wp-json\/wp\/v2\/comments?post=6754"}],"version-history":[{"count":1,"href":"https:\/\/spielleute.de\/es\/wp-json\/wp\/v2\/pages\/6754\/revisions"}],"predecessor-version":[{"id":6761,"href":"https:\/\/spielleute.de\/es\/wp-json\/wp\/v2\/pages\/6754\/revisions\/6761"}],"wp:featuredmedia":[{"embeddable":true,"href":"https:\/\/spielleute.de\/es\/wp-json\/wp\/v2\/media\/6759"}],"wp:attachment":[{"href":"https:\/\/spielleute.de\/es\/wp-json\/wp\/v2\/media?parent=6754"}],"curies":[{"name":"wp","href":"https:\/\/api.w.org\/{rel}","templated":true}]}}