{"id":6753,"date":"2024-02-11T16:05:40","date_gmt":"2024-02-11T15:05:40","guid":{"rendered":"https:\/\/spielleute.de\/exposiciones\/"},"modified":"2025-06-02T16:10:34","modified_gmt":"2025-06-02T14:10:34","slug":"exposiciones","status":"publish","type":"page","link":"https:\/\/spielleute.de\/es\/exposiciones\/","title":{"rendered":"Exposiciones"},"content":{"rendered":"\n<p class=\"has-text-align-center\">Descubre nuestras exposiciones, donde podr\u00e1s conocer en persona al editor de los juglares, charlar con expertos y descubrir nuestros libros m\u00e1s recientes. Ya sea en jornadas tem\u00e1ticas especializadas o en festivales culturales, experimenta de cerca la fascinaci\u00f3n de la m\u00fasica tradicional. Vis\u00edtanos en eventos como St\u00f2ras \u00d2ran, KlangRauschTreffen, el Festival de Rudolstadt u otras ocasiones y conecta con personas afines en un ambiente inspirador.  <\/p>\n<p>[tribe_events view=\u00bblist\u00bb tribe-bar=\u00bbfalse\u00bb]<\/p>\n","protected":false},"excerpt":{"rendered":"<p>Descubre nuestras exposiciones, donde podr\u00e1s conocer en persona al editor de los juglares, charlar con expertos y descubrir nuestros libros m\u00e1s recientes. Ya sea en jornadas tem\u00e1ticas especializadas o en [&hellip;]<\/p>\n","protected":false},"author":1,"featured_media":6758,"parent":0,"menu_order":0,"comment_status":"closed","ping_status":"closed","template":"","meta":{"footnotes":""},"class_list":["post-6753","page","type-page","status-publish","has-post-thumbnail","hentry"],"_links":{"self":[{"href":"https:\/\/spielleute.de\/es\/wp-json\/wp\/v2\/pages\/6753","targetHints":{"allow":["GET"]}}],"collection":[{"href":"https:\/\/spielleute.de\/es\/wp-json\/wp\/v2\/pages"}],"about":[{"href":"https:\/\/spielleute.de\/es\/wp-json\/wp\/v2\/types\/page"}],"author":[{"embeddable":true,"href":"https:\/\/spielleute.de\/es\/wp-json\/wp\/v2\/users\/1"}],"replies":[{"embeddable":true,"href":"https:\/\/spielleute.de\/es\/wp-json\/wp\/v2\/comments?post=6753"}],"version-history":[{"count":1,"href":"https:\/\/spielleute.de\/es\/wp-json\/wp\/v2\/pages\/6753\/revisions"}],"predecessor-version":[{"id":6760,"href":"https:\/\/spielleute.de\/es\/wp-json\/wp\/v2\/pages\/6753\/revisions\/6760"}],"wp:featuredmedia":[{"embeddable":true,"href":"https:\/\/spielleute.de\/es\/wp-json\/wp\/v2\/media\/6758"}],"wp:attachment":[{"href":"https:\/\/spielleute.de\/es\/wp-json\/wp\/v2\/media?parent=6753"}],"curies":[{"name":"wp","href":"https:\/\/api.w.org\/{rel}","templated":true}]}}