{"id":5937,"date":"2023-06-08T14:24:18","date_gmt":"2023-06-08T12:24:18","guid":{"rendered":"https:\/\/spielleute.de\/boletin\/"},"modified":"2025-04-17T10:46:26","modified_gmt":"2025-04-17T08:46:26","slug":"boletin","status":"publish","type":"page","link":"https:\/\/spielleute.de\/es\/boletin\/","title":{"rendered":"Bolet\u00edn"},"content":{"rendered":"\n<p class=\"has-text-align-center\">\u00a1Sum\u00e9rgete en el cautivador mundo de la editorial Spielleute con nuestro bolet\u00edn de noticias! Al suscribirte, formar\u00e1s parte de una comunidad que ser\u00e1 la primera en enterarse de nuestros \u00faltimos lanzamientos, actualizaciones exclusivas y fascinantes perspectivas del mundo de la m\u00fasica tradicional y la literatura de z\u00e1nganos. Recibe regularmente contenidos cuidadosamente seleccionados que te adentrar\u00e1n en la rica tradici\u00f3n y diversidad cultural de nuestro programa editorial.  <\/p>\n\n<h2 class=\"wp-block-heading\">Tus ventajas<\/h2>\n\n<p>Con tu inscripci\u00f3n obtienes:<\/p>\n\n<ul class=\"wp-block-list\">\n<li>Anuncios de nuevos libros y colecciones que conservan el patrimonio de los sonidos tradicionales.<\/li>\n\n\n\n<li>Ofertas exclusivas e informaci\u00f3n anticipada s\u00f3lo disponible para nuestros suscriptores.<\/li>\n\n\n\n<li>Invitaciones a actos, lecturas y talleres que te permitir\u00e1n sumergirte en la escena musical tradicional.<\/li>\n\n\n\n<li>Historias y art\u00edculos inspiradores que celebran el amor por la m\u00fasica y la literatura hist\u00f3ricas.<\/li>\n<\/ul>\n\n<h2 class=\"wp-block-heading\">Reg\u00edstrate ahora<\/h2>\n\n<p>S\u00f3lo tienes que inscribirte introduciendo tu direcci\u00f3n de correo electr\u00f3nico y pulsando el bot\u00f3n de suscripci\u00f3n. Entrar\u00e1s a formar parte del c\u00edrculo de quienes comparten nuestra pasi\u00f3n por la m\u00fasica tradicional y recibir\u00e1s actualizaciones peri\u00f3dicas recopiladas especialmente para los amigos de la editorial Spielleute. <\/p>\n<div class=\"tnp tnp-subscription \">\n<form method=\"post\" action=\"https:\/\/spielleute.de\/wp-admin\/admin-ajax.php?action=tnp&amp;na=s\">\n<input type=\"hidden\" name=\"nlang\" value=\"es\">\n<div class=\"tnp-field tnp-field-firstname\"><label for=\"tnp-1\">Vorname oder ganzer Name<\/label>\n<input class=\"tnp-name\" type=\"text\" name=\"nn\" id=\"tnp-1\" value=\"\" placeholder=\"\"><\/div>\n<div class=\"tnp-field tnp-field-surname\"><label for=\"tnp-2\">Nachname<\/label>\n<input class=\"tnp-surname\" type=\"text\" name=\"ns\" id=\"tnp-2\" value=\"\" placeholder=\"\"><\/div><div class=\"tnp-field tnp-field-email\"><label for=\"tnp-3\">Email<\/label>\n<input class=\"tnp-email\" type=\"email\" name=\"ne\" id=\"tnp-3\" value=\"\" placeholder=\"\" required><\/div>\n<div class=\"tnp-field tnp-field-gender\"><label for=\"tnp-4\">Ich bin<\/label>\n<select name=\"nx\" class=\"tnp-gender\" id=\"tnp-gender\"><option value=\"n\">Not specified<\/option><option value=\"f\">Woman<\/option><option value=\"m\">Man<\/option><\/select><\/div>\n<div class=\"tnp-field tnp-privacy-field\"><label><input type=\"checkbox\" name=\"ny\" required class=\"tnp-privacy\"> <a target=\"_blank\" href=\"https:\/\/spielleute.de\/datenschutz\/\">Indem Du fortf\u00e4hrst, akzeptierst Du unsere Datenschutzerkl\u00e4rung.<\/a><\/label><\/div><div class=\"tnp-field tnp-field-button\" style=\"text-align: left\"><input class=\"tnp-submit\" type=\"submit\" value=\"Abonnieren\" style=\"\">\n<\/div>\n<\/form>\n<\/div>\n\n\n<p>Tu privacidad es importante para nosotros, por eso s\u00f3lo utilizamos tus datos para enviarte nuestro bolet\u00edn. Por supuesto, puedes cancelar tu suscripci\u00f3n en cualquier momento si no deseas seguir recibiendo noticias nuestras. <\/p>\n\n<p>\u00a1Esperamos darte la bienvenida a nuestro bolet\u00edn y mantenerte al d\u00eda de todo lo que ocurre en la editorial Spielleute!<\/p>\n\n<h2 class=\"wp-block-heading\">Archivo<\/h2>\n\n<p>Echa un vistazo a nuestros boletines anteriores.<\/p>\n<div class=\"tnp-archive\"><ul><li> <span class=\"tnp-archive-date\">25 de octubre de 2024<\/span>  <span class=\"tnp-archive-separator\">-<\/span> <a href=\"https:\/\/spielleute.de\/es\/?na=view&id=2\" target=\"_blank\">Willkommen zur\u00fcck \u2013 Der Verlag der Spielleute erstrahlt in neuem Glanz!<\/a><\/li><\/ul><\/div>\n","protected":false},"excerpt":{"rendered":"<p>\u00a1Sum\u00e9rgete en el cautivador mundo de la editorial Spielleute con nuestro bolet\u00edn de noticias! Al suscribirte, formar\u00e1s parte de una comunidad que ser\u00e1 la primera en enterarse de nuestros \u00faltimos [&hellip;]<\/p>\n","protected":false},"author":1,"featured_media":0,"parent":0,"menu_order":0,"comment_status":"closed","ping_status":"closed","template":"","meta":{"footnotes":""},"class_list":["post-5937","page","type-page","status-publish","hentry"],"_links":{"self":[{"href":"https:\/\/spielleute.de\/es\/wp-json\/wp\/v2\/pages\/5937","targetHints":{"allow":["GET"]}}],"collection":[{"href":"https:\/\/spielleute.de\/es\/wp-json\/wp\/v2\/pages"}],"about":[{"href":"https:\/\/spielleute.de\/es\/wp-json\/wp\/v2\/types\/page"}],"author":[{"embeddable":true,"href":"https:\/\/spielleute.de\/es\/wp-json\/wp\/v2\/users\/1"}],"replies":[{"embeddable":true,"href":"https:\/\/spielleute.de\/es\/wp-json\/wp\/v2\/comments?post=5937"}],"version-history":[{"count":1,"href":"https:\/\/spielleute.de\/es\/wp-json\/wp\/v2\/pages\/5937\/revisions"}],"predecessor-version":[{"id":5938,"href":"https:\/\/spielleute.de\/es\/wp-json\/wp\/v2\/pages\/5937\/revisions\/5938"}],"wp:attachment":[{"href":"https:\/\/spielleute.de\/es\/wp-json\/wp\/v2\/media?parent=5937"}],"curies":[{"name":"wp","href":"https:\/\/api.w.org\/{rel}","templated":true}]}}