{"id":5933,"date":"2022-09-13T13:14:18","date_gmt":"2022-09-13T11:14:18","guid":{"rendered":"https:\/\/spielleute.de\/formas-de-pago-selecciona-la-forma-de-pago\/"},"modified":"2025-04-17T10:46:21","modified_gmt":"2025-04-17T08:46:21","slug":"formas-de-pago-selecciona-la-forma-de-pago","status":"publish","type":"page","link":"https:\/\/spielleute.de\/es\/formas-de-pago-selecciona-la-forma-de-pago\/","title":{"rendered":"Formas de pago &#8211; Selecciona la forma de pago"},"content":{"rendered":"\n<p class=\"has-text-align-center\">Explora la amplia gama de nuestras diversas opciones de pago y selecciona cuidadosamente el m\u00e9todo de pago que m\u00e1s te convenga. Los precios que se muestran claramente son precios totales que incluyen todos los componentes necesarios y los impuestos aplicables, incluido el IVA. <\/p>\n\n<h2 class=\"wp-block-heading\">Condiciones de entrega internacional: Impuestos y tasas<\/h2>\n\n<p>Ten en cuenta que las entregas a trav\u00e9s de las fronteras nacionales pueden conllevar impuestos (por ejemplo, en el caso de una compra intracomunitaria) o tasas (por ejemplo, derechos de aduana) adicionales, que deben pagarse directamente a las autoridades aduaneras o fiscales pertinentes, no a nosotros. Los gastos de entrega y env\u00edo no est\u00e1n incluidos en el precio de compra; se indican por separado durante el proceso de pedido y corren por tu cuenta. <\/p>\n\n<h2 class=\"wp-block-heading\">Apple Pay<\/h2>\n\n<p>Realiza pagos de forma segura y c\u00f3moda con tu dispositivo m\u00f3vil almacenando tus tarjetas en la aplicaci\u00f3n Wallet. Utiliza la tecnolog\u00eda de comunicaci\u00f3n de campo cercano para realizar transacciones r\u00e1pidas. <\/p>\n\n<h2 class=\"wp-block-heading\">Google Pay<\/h2>\n\n<p>Un monedero digital que te permite pagar f\u00e1cilmente en Internet o en tiendas almacenando tus tarjetas en la aplicaci\u00f3n.<\/p>\n\n<h2 class=\"wp-block-heading\">Tarjeta de cr\u00e9dito<\/h2>\n\n<p>Puedes pagar con VISA o Maestro sin cuenta PayPal. Introduce los datos de tu tarjeta de cr\u00e9dito y el pago se realizar\u00e1 inmediatamente. <\/p>\n\n<h2 class=\"wp-block-heading\">PayPal<\/h2>\n\n<p>Elige PayPal para un proceso de pago en Internet sencillo y seguro. Registra una cuenta con tu primera compra y disfruta de la protecci\u00f3n del comprador. PayPal es una de nuestras muchas formas de pago disponibles. PayPal tambi\u00e9n ofrece domiciliaci\u00f3n bancaria sin necesidad de una cuenta PayPal.   <\/p>\n\n<h2 class=\"wp-block-heading\">Pagar con factura<\/h2>\n\n<p>Una vez realizado el pedido, debes pagar en un plazo de 30 d\u00edas. Nuestro socio de pago Ratepay te enviar\u00e1 las instrucciones de pago. <\/p>\n\n<h2 class=\"wp-block-heading\">Sistema de adeudo directo SEPA<\/h2>\n\n<p>El sistema de adeudo directo SEPA te permite pagar de forma c\u00f3moda y segura directamente desde tu cuenta bancaria. S\u00f3lo tienes que introducir los datos de tu cuenta y autorizar el pago. Tus datos est\u00e1n protegidos y los pagos son eficaces y fiables.  <\/p>\n\n<h2 class=\"wp-block-heading\">Alipay<\/h2>\n\n<p>Utiliza Alipay, una de las principales plataformas de pago, para realizar tus compras con confianza. Alipay te ofrece una forma segura y sencilla de pagar en Internet y gestionar tus transacciones de forma eficiente. <\/p>\n\n<h2 class=\"wp-block-heading\">giropay<\/h2>\n\n<p>Con giropay puedes procesar tus compras online de forma f\u00e1cil, r\u00e1pida y segura a trav\u00e9s de tu banca online habitual con PIN y TAN. giropay te conecta directamente con tu banco o caja de ahorros, por lo que puedes estar seguro de que tu pago se procesar\u00e1 de forma fiable. <\/p>\n\n<h2 class=\"wp-block-heading\">iDEAL<\/h2>\n\n<p>Elige iDEAL para realizar pagos online de forma r\u00e1pida y segura. iDEAL se utiliza mucho en Holanda y te permite pagar directamente a trav\u00e9s de tu cuenta bancaria. Es f\u00e1cil de usar y s\u00f3lo necesitas acceder a la banca online de tu banco.  <\/p>\n\n<h2 class=\"wp-block-heading\">Otras formas de pago<\/h2>\n\n<p>Ponte en contacto con nosotros si te falta alguna opci\u00f3n de pago.<\/p>\n","protected":false},"excerpt":{"rendered":"<p>Explora la amplia gama de nuestras diversas opciones de pago y selecciona cuidadosamente el m\u00e9todo de pago que m\u00e1s te convenga. Los precios que se muestran claramente son precios totales [&hellip;]<\/p>\n","protected":false},"author":1,"featured_media":5934,"parent":0,"menu_order":0,"comment_status":"closed","ping_status":"closed","template":"","meta":{"footnotes":""},"class_list":["post-5933","page","type-page","status-publish","has-post-thumbnail","hentry"],"_links":{"self":[{"href":"https:\/\/spielleute.de\/es\/wp-json\/wp\/v2\/pages\/5933","targetHints":{"allow":["GET"]}}],"collection":[{"href":"https:\/\/spielleute.de\/es\/wp-json\/wp\/v2\/pages"}],"about":[{"href":"https:\/\/spielleute.de\/es\/wp-json\/wp\/v2\/types\/page"}],"author":[{"embeddable":true,"href":"https:\/\/spielleute.de\/es\/wp-json\/wp\/v2\/users\/1"}],"replies":[{"embeddable":true,"href":"https:\/\/spielleute.de\/es\/wp-json\/wp\/v2\/comments?post=5933"}],"version-history":[{"count":1,"href":"https:\/\/spielleute.de\/es\/wp-json\/wp\/v2\/pages\/5933\/revisions"}],"predecessor-version":[{"id":5935,"href":"https:\/\/spielleute.de\/es\/wp-json\/wp\/v2\/pages\/5933\/revisions\/5935"}],"wp:featuredmedia":[{"embeddable":true,"href":"https:\/\/spielleute.de\/es\/wp-json\/wp\/v2\/media\/5934"}],"wp:attachment":[{"href":"https:\/\/spielleute.de\/es\/wp-json\/wp\/v2\/media?parent=5933"}],"curies":[{"name":"wp","href":"https:\/\/api.w.org\/{rel}","templated":true}]}}