{"id":5925,"date":"2022-09-13T13:14:16","date_gmt":"2022-09-13T11:14:16","guid":{"rendered":"https:\/\/spielleute.de\/gastos-de-envio-y-entrega\/"},"modified":"2025-04-17T10:45:36","modified_gmt":"2025-04-17T08:45:36","slug":"gastos-de-envio-y-entrega","status":"publish","type":"page","link":"https:\/\/spielleute.de\/es\/gastos-de-envio-y-entrega\/","title":{"rendered":"Gastos de env\u00edo y entrega"},"content":{"rendered":"\n<p class=\"has-text-align-center\">Conf\u00eda en un proceso de env\u00edo eficaz con Verlag der Spielleute. Utilizamos DHL para enviar pedidos de m\u00fasica y literatura de forma r\u00e1pida y econ\u00f3mica a todo el mundo. Los gastos de env\u00edo se escalonan de forma transparente en funci\u00f3n del peso, por lo que siempre encontrar\u00e1s la opci\u00f3n adecuada. Ya sea dentro de Alemania o internacionalmente, te garantizamos una recepci\u00f3n segura y r\u00e1pida de tus art\u00edculos.   <\/p>\n\n<h2 class=\"wp-block-heading\">Entrega en Alemania<\/h2>\n\n<p>Nuestros gastos de env\u00edo dependen del peso, puedes ver el peso del env\u00edo en la p\u00e1gina de detalles de cada art\u00edculo:<\/p>\n\n<figure class=\"wp-block-table\"><table><thead><tr><th>Producto<\/th><th>Precio (neto)<\/th><\/tr><\/thead><tbody><tr><td>DHL PAKET hasta 1 kg<\/td><td>5,05 \u20ac<\/td><\/tr><tr><td>DHL PAKET hasta 3 kg<\/td><td>5,55 \u20ac<\/td><\/tr><tr><td>DHL PAKET hasta 5 kg<\/td><td>6,60 \u20ac<\/td><\/tr><tr><td>DHL PAKET hasta 10 kg<\/td><td>8,70 \u20ac<\/td><\/tr><tr><td>DHL PAKET hasta 20 kg<\/td><td>13,60 \u20ac<\/td><\/tr><tr><td>DHL PAKET hasta 31,5 kg<\/td><td>16,20 \u20ac<\/td><\/tr><tr><td>DHL PAKET m\u00e1s de 31,5 kg<\/td><td>37,20 \u20ac<\/td><\/tr><\/tbody><\/table><\/figure>\n\n<p>Todos los precios son sin IVA. <\/p>\n\n<h2 class=\"wp-block-heading\">Env\u00edos fuera de Alemania<\/h2>\n\n<p>Nuestros gastos de env\u00edo dependen del peso, puedes ver el peso del env\u00edo en la p\u00e1gina de detalles del art\u00edculo correspondiente. Enviamos con DHL PAKET INTERNATIONAL: <\/p>\n\n<figure class=\"wp-block-table\"><table><thead><tr><th>ZONA ARANCELARIA<br\/>CON LOS PA\u00cdSES<\/th><th>Precio unitario (neto)<\/th><th>Precio por kg (neto)<\/th><\/tr><\/thead><tbody><tr><td><strong>Zona 1 &#8211; UE<br\/><\/strong>Austria, B\u00e9lgica, Rep\u00fablica Checa, Dinamarca, Francia, Luxemburgo, M\u00f3naco, Pa\u00edses Bajos, Polonia<\/td><td>13,50 \u20ac<\/td><td>1,00 \u20ac<\/td><\/tr><tr><td><strong>Zona 1 &#8211; no UE<br\/><\/strong>Liechtenstein, Suiza<\/td><td>22,00 \u20ac<\/td><td>1,00 \u20ac<\/td><\/tr><tr><td><strong>Zona 2 &#8211; UE\/no UE<br\/><\/strong>Andorra, Italia, San Marino, Suecia, Eslovaquia, Eslovenia, Espa\u00f1a, Hungr\u00eda, Ciudad del Vaticano, Reino Unido.<\/td><td>13,60 \u20ac<\/td><td>1,00 \u20ac<\/td><\/tr><tr><td><strong>Zona 3 &#8211; UE<br\/><\/strong>Bulgaria, Estonia, Finlandia, Grecia, Irlanda, Croacia, Letonia, Lituania, Malta, Portugal, Ruman\u00eda, Chipre<\/td><td>13,60 \u20ac<\/td><td>1,10 \u20ac<\/td><\/tr><tr><td><strong>Zona 3 &#8211; no UE<br\/><\/strong>Albania, Bielorrusia, Bosnia-Herzegovina, Islas Feroe, Groenlandia, Islandia, Macedonia del Norte, Montenegro, Noruega, Rep\u00fablica de Moldavia, Serbia, Ucrania.<\/td><td>20,90 \u20ac<\/td><td>1,90 \u20ac<\/td><\/tr><tr><td><strong>Zona 4 &#8211; no UE<br\/><\/strong>Argelia, Egipto, Georgia, Israel, L\u00edbano, Libia, Marruecos, Federaci\u00f3n Rusa, Siria, T\u00fanez, Turqu\u00eda.<\/td><td>24,65 \u20ac<\/td><td>2,80 \u20ac<\/td><\/tr><tr><td><strong>Zona 5 &#8211; no UE<br\/><\/strong>Afganist\u00e1n, Armenia, Azerbaiy\u00e1n, Bahr\u00e9in, Bangladesh, But\u00e1n, Brun\u00e9i Darussalam, China (Rep\u00fablica Popular China), India, Indonesia, Irak, Ir\u00e1n, Jap\u00f3n, Jordania, Camboya, Canad\u00e1, Kazajst\u00e1n, Qatar, Kirguist\u00e1n, Kuwait, Yemen, Laos, Malasia, Maldivas, M\u00e9xico, Mongolia, Myanmar, Nepal, Corea del Norte, Om\u00e1n, Timor Oriental, Pakist\u00e1n, Pap\u00faa Nueva Guinea, Filipinas, Arabia Saud\u00ed, Singapur, Sri Lanka, Corea del Sur, Tayikist\u00e1n, Taiw\u00e1n, Tailandia, Turkmenist\u00e1n, EE.UU., Uzbekist\u00e1n, Emiratos \u00c1rabes Unidos, Vietnam. Emiratos \u00c1rabes Unidos, Vietnam <\/td><td>28,50 \u20ac<\/td><td>6,00 \u20ac<\/td><\/tr><tr><td><strong>Zona 6 &#8211; no UE<br\/><\/strong>Resto del mundo<\/td><td>36,50 \u20ac<\/td><td>8,00 \u20ac<\/td><\/tr><\/tbody><\/table><\/figure>\n\n<p>Todos los precios son sin IVA. <\/p>\n\n<p>Para las entregas a pa\u00edses fuera de la Uni\u00f3n Europea, pueden producirse costes adicionales en casos concretos de los que no somos responsables y que correr\u00e1n por tu cuenta. Entre ellos se incluyen, por ejemplo, los costes de transferencia de dinero por parte de entidades de cr\u00e9dito (por ejemplo, comisiones de transferencia, comisiones por tipo de cambio) o derechos o impuestos de importaci\u00f3n (por ejemplo, derechos de aduana). Puedes encontrar m\u00e1s informaci\u00f3n, por ejemplo, en https:\/\/ec.europa.eu\/taxation_customs\/home_de y sobre el impuesto sobre las ventas de importaci\u00f3n en http:\/\/auskunft.ezt-online.de\/ezto\/Welcome.do y espec\u00edficamente para Suiza en http:\/\/xtares.admin.ch\/tares\/login\/loginFormFiller.do.  <\/p>\n\n<h2 class=\"wp-block-heading\">Seguro de transporte<\/h2>\n\n<p>\u00abDHL PAKET National\u00bb y \u00abDHL PAKET International\u00bb est\u00e1n asegurados hasta un valor de 500 euros. Para mercanc\u00edas por valor de hasta 2.500 euros, te contrataremos un seguro de transporte adicional A sin coste alguno. Para mercanc\u00edas con un valor de hasta 25.000 euros, te contrataremos un seguro de transporte adicional B de forma gratuita. <\/p>\n\n<h2 class=\"wp-block-heading\">Plazo de entrega<\/h2>\n\n<p>Enviamos todos los d\u00edas laborables. Los art\u00edculos que est\u00e1n directamente en stock se env\u00edan inmediatamente. Te informaremos de los plazos de entrega de los art\u00edculos personalizados para ti en la confirmaci\u00f3n del pedido.  <\/p>\n\n<h2 class=\"wp-block-heading\">Impuesto sobre el valor a\u00f1adido (IVA)<\/h2>\n\n<ul class=\"wp-block-list\">\n<li><strong>Entregas en Alemania<\/strong>: Nuestros precios incluyen el impuesto sobre el valor a\u00f1adido legal del 19%.<\/li>\n\n\n\n<li><strong>Env\u00edos a pa\u00edses de la UE<\/strong>:\n<ul class=\"wp-block-list\">\n<li><strong>Para clientes particulares (B2C)<\/strong>: Como no utilizamos el procedimiento OSS, se aplica el tipo de IVA alem\u00e1n del 19%, de conformidad con el art\u00edculo 3c (4) de la UStG, sin imposici\u00f3n en el pa\u00eds de destino. <\/li>\n\n\n\n<li><strong>Para clientes empresariales (B2B) con un n\u00famero de identificaci\u00f3n a efectos del IVA v\u00e1lido.<\/strong>Si se facilita el n\u00famero de identificaci\u00f3n a efectos del IVA y se valida correctamente, no se aplica el IVA (entrega intracomunitaria libre de impuestos).<\/li>\n<\/ul>\n<\/li>\n\n\n\n<li><strong>Env\u00edos a pa\u00edses no pertenecientes a la UE<\/strong>: Nuestros precios son netos, no se cobrar\u00e1 el IVA alem\u00e1n. Ten en cuenta que pueden producirse derechos de aduana o impuestos adicionales al importar a tu pa\u00eds, que tendr\u00e1s que pagar. <\/li>\n<\/ul>\n","protected":false},"excerpt":{"rendered":"<p>Conf\u00eda en un proceso de env\u00edo eficaz con Verlag der Spielleute. Utilizamos DHL para enviar pedidos de m\u00fasica y literatura de forma r\u00e1pida y econ\u00f3mica a todo el mundo. Los [&hellip;]<\/p>\n","protected":false},"author":1,"featured_media":7318,"parent":0,"menu_order":0,"comment_status":"closed","ping_status":"closed","template":"","meta":{"footnotes":""},"class_list":["post-5925","page","type-page","status-publish","has-post-thumbnail","hentry"],"_links":{"self":[{"href":"https:\/\/spielleute.de\/es\/wp-json\/wp\/v2\/pages\/5925","targetHints":{"allow":["GET"]}}],"collection":[{"href":"https:\/\/spielleute.de\/es\/wp-json\/wp\/v2\/pages"}],"about":[{"href":"https:\/\/spielleute.de\/es\/wp-json\/wp\/v2\/types\/page"}],"author":[{"embeddable":true,"href":"https:\/\/spielleute.de\/es\/wp-json\/wp\/v2\/users\/1"}],"replies":[{"embeddable":true,"href":"https:\/\/spielleute.de\/es\/wp-json\/wp\/v2\/comments?post=5925"}],"version-history":[{"count":1,"href":"https:\/\/spielleute.de\/es\/wp-json\/wp\/v2\/pages\/5925\/revisions"}],"predecessor-version":[{"id":5926,"href":"https:\/\/spielleute.de\/es\/wp-json\/wp\/v2\/pages\/5925\/revisions\/5926"}],"wp:featuredmedia":[{"embeddable":true,"href":"https:\/\/spielleute.de\/es\/wp-json\/wp\/v2\/media\/7318"}],"wp:attachment":[{"href":"https:\/\/spielleute.de\/es\/wp-json\/wp\/v2\/media?parent=5925"}],"curies":[{"name":"wp","href":"https:\/\/api.w.org\/{rel}","templated":true}]}}