{"id":5919,"date":"2022-09-13T13:14:17","date_gmt":"2022-09-13T11:14:17","guid":{"rendered":"https:\/\/spielleute.de\/revocacion\/"},"modified":"2022-09-13T13:14:17","modified_gmt":"2022-09-13T11:14:17","slug":"revocacion","status":"publish","type":"page","link":"https:\/\/spielleute.de\/es\/revocacion\/","title":{"rendered":"Revocaci\u00f3n"},"content":{"rendered":"<div>\n<h2>A. Pol\u00edtica de cancelaci\u00f3n<\/h2>\n<h3>Introducci\u00f3n<\/h3>\n<p>Los consumidores tienen derecho de cancelaci\u00f3n de acuerdo con las siguientes disposiciones, seg\u00fan las cuales un consumidor es toda persona f\u00edsica que celebra un negocio jur\u00eddico con fines que no pueden atribuirse predominantemente ni a su actividad comercial ni a su actividad profesional independiente:<\/p>\n<h3>Derecho de cancelaci\u00f3n<\/h3>\n<p>Tienes derecho a rescindir este contrato en un plazo de catorce d\u00edas sin indicar motivo alguno.<\/p>\n<p>El plazo de desistimiento es de catorce d\u00edas a partir del d\u00eda en que t\u00fa o un tercero nombrado por ti, que no sea el transportista, tom\u00f3 posesi\u00f3n de la \u00faltima mercanc\u00eda.<\/p>\n<p>Para ejercer el derecho de cancelaci\u00f3n, debes informarnos (Jonas B\u00f6ttcher, Verlag der Spielleute &amp; tradmusica, M\u00fchlenheuweg 32, 41749 Viersen, Deutschland, Tel.: 076211617738, E-Mail: mail@folk.world) de tu decisi\u00f3n de cancelar este contrato mediante una declaraci\u00f3n clara (por ejemplo, una carta enviada por correo postal o electr\u00f3nico). Puedes utilizar el modelo de formulario de cancelaci\u00f3n adjunto, pero no es obligatorio. <\/p>\n<p>Para cumplir el plazo de cancelaci\u00f3n, basta con que env\u00edes tu notificaci\u00f3n de ejercicio del derecho de cancelaci\u00f3n antes de que expire el plazo de cancelaci\u00f3n.<\/p>\n<h3>Consecuencias de la cancelaci\u00f3n<\/h3>\n<p>Si desistes del presente contrato, te reembolsaremos todos los pagos que hayamos recibido de ti, incluidos los gastos de entrega (con excepci\u00f3n de los gastos suplementarios resultantes de la elecci\u00f3n por tu parte de un tipo de entrega distinto del tipo menos costoso de entrega est\u00e1ndar que ofrezcamos), sin ninguna demora indebida y, en cualquier caso, a m\u00e1s tardar 14 d\u00edas a partir del d\u00eda en que se nos informe de tu decisi\u00f3n de desistir del presente contrato. Para este reembolso, utilizaremos el mismo medio de pago que utilizaste para la transacci\u00f3n original, a menos que se acuerde expresamente otra cosa contigo; en ning\u00fan caso se te cobrar\u00e1n comisiones por este reembolso. Podremos retener el reembolso hasta que hayamos recibido los bienes de vuelta o hasta que hayas presentado una prueba de que has devuelto los bienes, seg\u00fan qu\u00e9 condici\u00f3n se cumpla primero.  <\/p>\n<p>Deber\u00e1s devolver o entregar los bienes inmediatamente y, en cualquier caso, en un plazo m\u00e1ximo de catorce d\u00edas a partir del d\u00eda en que nos comuniques la rescisi\u00f3n del presente contrato.<\/p>\n<p>Las devoluciones s\u00f3lo pueden enviarse a la siguiente direcci\u00f3n:<br \/>Folk.World, c\/o 32878 Geiger, Marie-Curie-Str. 5, 79539 L\u00f6rrach, Alemania. <\/p>\n<p>El plazo se cumple si env\u00edas la mercanc\u00eda antes de que haya transcurrido el plazo de catorce d\u00edas.<\/p>\n<p>T\u00fa asumes los costes directos de devoluci\u00f3n de la mercanc\u00eda.<\/p>\n<p>S\u00f3lo tendr\u00e1s que pagar por la p\u00e9rdida de valor de los bienes si dicha p\u00e9rdida de valor se debe a una manipulaci\u00f3n de los bienes que no sea necesaria para comprobar su estado, propiedades y funcionalidad.<\/p>\n<h3>Exclusi\u00f3n o extinci\u00f3n prematura del derecho de desistimiento<\/h3>\n<p>El derecho de rescisi\u00f3n expira prematuramente para los contratos de entrega de grabaciones sonoras o de v\u00eddeo o de programas inform\u00e1ticos en un paquete precintado si el precinto se ha retirado despu\u00e9s de la entrega.<\/p>\n<h3>Operaciones afiliadas\/financiadas<\/h3>\n<p>Si financias este contrato con un pr\u00e9stamo y posteriormente lo cancelas, dejar\u00e1s de estar vinculado por el contrato de pr\u00e9stamo si ambos contratos forman una \u00fanica unidad econ\u00f3mica. Esto debe asumirse en particular si tambi\u00e9n somos tu prestamista o si tu prestamista hace uso de nuestra cooperaci\u00f3n con respecto a la financiaci\u00f3n. Si ya hemos recibido el pr\u00e9stamo cuando se produce la cancelaci\u00f3n o cuando se devuelven los bienes, tu prestamista asumir\u00e1 nuestros derechos y obligaciones en virtud del contrato financiado en relaci\u00f3n contigo respecto a las consecuencias legales de la cancelaci\u00f3n o devoluci\u00f3n. Esto \u00faltimo no se aplica si el objeto de este contrato es la adquisici\u00f3n de instrumentos financieros (por ejemplo, valores, divisas o derivados). Si deseas evitar un compromiso contractual en la medida de lo posible, haz uso de tu derecho de cancelaci\u00f3n y cancela tambi\u00e9n el contrato de pr\u00e9stamo si tambi\u00e9n tienes derecho de cancelaci\u00f3n para ello.    <\/p>\n<h3>Informaci\u00f3n general<\/h3>\n<p>1) Evita da\u00f1ar o contaminar la mercanc\u00eda. Devu\u00e9lvenos la mercanc\u00eda en su embalaje original, con todos los accesorios y componentes del embalaje. Si es necesario, utiliza un embalaje exterior protector. Si ya no tienes el embalaje original, utiliza un embalaje adecuado que garantice una protecci\u00f3n adecuada contra da\u00f1os durante el transporte.<br \/>2) Por favor, no nos env\u00edes la mercanc\u00eda a portes debidos.<br \/>3) Ten en cuenta que las cl\u00e1usulas 1-2 antes mencionadas no son un requisito previo para el ejercicio efectivo del derecho de desistimiento.   <\/p>\n<h2>B. Formulario de cancelaci\u00f3n<\/h2>\n<p>Si deseas anular el contrato, rellena y env\u00eda este formulario.<\/p>\n<p>A<\/p>\n<p>Jonas B\u00f6ttcher<br \/>Verlag der Spielleute &amp; tradmusica<br \/>M\u00fchlenheuweg 32<br \/>41749 Viersen<br \/>Alemania<\/p>\n<p>Correo electr\u00f3nico: mail@folk.world<\/p>\n<p>Yo\/nosotros (*) rescindimos el contrato celebrado por m\u00ed\/nosotros (*) para la compra de los siguientes bienes (*)\/la prestaci\u00f3n del siguiente servicio (*)<\/p>\n<p>_______________________________________________________<\/p>\n<p>_______________________________________________________<\/p>\n<p>Pedido el (*) ____________ \/ recibido el (*) __________________<\/p>\n<p>________________________________________________________<br \/>Nombre del consumidor o consumidores<\/p>\n<p>________________________________________________________<br \/>Direcci\u00f3n del consumidor o consumidores<\/p>\n<p>________________________________________________________<br \/>Firma del consumidor o consumidores (s\u00f3lo para notificaciones en papel)<\/p>\n<p>_________________________<br \/>Fecha<\/p>\n<p>(*) T\u00e1chese lo que no proceda<\/p>\n<\/div>\n<div id=\"itkanzlei_txt_copyright\" style=\"font-size: 12px; margin-top: 8em;\">\n<div style=\"display: inline-block; vertical-align: top; margin-left: 5px; float: right; white-space: nowrap;\">Estado: 12\/04\/2025, 21:07:29<\/div>\n<div style=\"clear: right;\"><\/div>\n<\/div>\n","protected":false},"excerpt":{"rendered":"<p>A. Pol\u00edtica de cancelaci\u00f3n Introducci\u00f3n Los consumidores tienen derecho de cancelaci\u00f3n de acuerdo con las siguientes disposiciones, seg\u00fan las cuales un consumidor es toda persona f\u00edsica que celebra un negocio [&hellip;]<\/p>\n","protected":false},"author":1,"featured_media":0,"parent":0,"menu_order":0,"comment_status":"closed","ping_status":"closed","template":"","meta":{"footnotes":""},"class_list":["post-5919","page","type-page","status-publish","hentry"],"_links":{"self":[{"href":"https:\/\/spielleute.de\/es\/wp-json\/wp\/v2\/pages\/5919","targetHints":{"allow":["GET"]}}],"collection":[{"href":"https:\/\/spielleute.de\/es\/wp-json\/wp\/v2\/pages"}],"about":[{"href":"https:\/\/spielleute.de\/es\/wp-json\/wp\/v2\/types\/page"}],"author":[{"embeddable":true,"href":"https:\/\/spielleute.de\/es\/wp-json\/wp\/v2\/users\/1"}],"replies":[{"embeddable":true,"href":"https:\/\/spielleute.de\/es\/wp-json\/wp\/v2\/comments?post=5919"}],"version-history":[{"count":0,"href":"https:\/\/spielleute.de\/es\/wp-json\/wp\/v2\/pages\/5919\/revisions"}],"wp:attachment":[{"href":"https:\/\/spielleute.de\/es\/wp-json\/wp\/v2\/media?parent=5919"}],"curies":[{"name":"wp","href":"https:\/\/api.w.org\/{rel}","templated":true}]}}