{"id":5917,"date":"2022-09-13T13:14:16","date_gmt":"2022-09-13T11:14:16","guid":{"rendered":"https:\/\/spielleute.de\/pie-de-imprenta\/"},"modified":"2022-09-13T13:14:16","modified_gmt":"2022-09-13T11:14:16","slug":"pie-de-imprenta","status":"publish","type":"page","link":"https:\/\/spielleute.de\/es\/pie-de-imprenta\/","title":{"rendered":"Pie de imprenta"},"content":{"rendered":"<div>Jonas B\u00f6ttcher<br \/>Verlag der Spielleute &amp; tradmusica<br \/>M\u00fchlenheuweg 32<br \/>41749 Viersen<br \/>Alemania<\/p>\n<p>Tel\u00e9fono: 076211617738<br \/>Correo electr\u00f3nico: mail@folk.world<\/p>\n<p>N\u00famero de identificaci\u00f3n fiscal: DE350619914<\/p>\n<p>Plataforma de la Comisi\u00f3n de la UE para la resoluci\u00f3n de litigios en l\u00ednea: <a target=\"_blank\" href=\"https:\/\/ec.europa.eu\/consumers\/odr\" rel=\"noopener\">https:\/\/ec.europa.eu\/consumers\/odr<\/a><\/p>\n<p>No estamos obligados ni dispuestos a participar en un procedimiento de resoluci\u00f3n de litigios ante una junta arbitral de consumo.<\/p><\/div>\n<div id=\"itkanzlei_txt_copyright\" style=\"font-size: 12px; margin-top: 8em;\">\n<div style=\"display: inline-block; vertical-align: top; margin-left: 5px; float: right; white-space: nowrap;\">Estado: 12\/04\/2025, 19:25:05<\/div>\n<div style=\"clear: right;\"><\/div>\n<\/div>\n","protected":false},"excerpt":{"rendered":"<p>Jonas B\u00f6ttcherVerlag der Spielleute &amp; tradmusicaM\u00fchlenheuweg 3241749 ViersenAlemania Tel\u00e9fono: 076211617738Correo electr\u00f3nico: mail@folk.world N\u00famero de identificaci\u00f3n fiscal: DE350619914 Plataforma de la Comisi\u00f3n de la UE para la resoluci\u00f3n de litigios en [&hellip;]<\/p>\n","protected":false},"author":1,"featured_media":0,"parent":0,"menu_order":0,"comment_status":"closed","ping_status":"closed","template":"","meta":{"footnotes":""},"class_list":["post-5917","page","type-page","status-publish","hentry"],"_links":{"self":[{"href":"https:\/\/spielleute.de\/es\/wp-json\/wp\/v2\/pages\/5917","targetHints":{"allow":["GET"]}}],"collection":[{"href":"https:\/\/spielleute.de\/es\/wp-json\/wp\/v2\/pages"}],"about":[{"href":"https:\/\/spielleute.de\/es\/wp-json\/wp\/v2\/types\/page"}],"author":[{"embeddable":true,"href":"https:\/\/spielleute.de\/es\/wp-json\/wp\/v2\/users\/1"}],"replies":[{"embeddable":true,"href":"https:\/\/spielleute.de\/es\/wp-json\/wp\/v2\/comments?post=5917"}],"version-history":[{"count":0,"href":"https:\/\/spielleute.de\/es\/wp-json\/wp\/v2\/pages\/5917\/revisions"}],"wp:attachment":[{"href":"https:\/\/spielleute.de\/es\/wp-json\/wp\/v2\/media?parent=5917"}],"curies":[{"name":"wp","href":"https:\/\/api.w.org\/{rel}","templated":true}]}}