{"id":3528,"date":"2000-10-02T17:31:12","date_gmt":"2000-10-02T15:31:12","guid":{"rendered":"https:\/\/spielleute.de\/bourree-bourree-bourree\/"},"modified":"2025-04-30T16:25:02","modified_gmt":"2025-04-30T14:25:02","slug":"bourree-bourree-bourree","status":"publish","type":"product","link":"https:\/\/spielleute.de\/en\/bourree-bourree-bourree\/","title":{"rendered":"Bourr\u00e9e Bourr\u00e9e Bourr\u00e9e"},"content":{"rendered":"<p>&#8220;Bourr\u00e9e Bourr\u00e9e Bourr\u00e9e&#8221; introduces you to the diverse world of the French folk dance Bourr\u00e9e. The author of our popular Breton dance book here presents basics and specifics of 30 different French bourre dances. <\/p>\n<h3>Historical development and musical significance<\/h3>\n<p>Discover the historical development of this traditional dance from the 16th century to the present day. Understand the controversies about the origin of the name and learn more about the bourr\u00e9e as a musical form. <\/p>\n<h3>Dance styles from different regions<\/h3>\n<p>The bourr\u00e9e in its very different forms has been one of the most popular dances in the German bal folk scene for many years. The French bourr\u00e9e originates from folk traditions in Auvergne, Berry, Limousin, Bourbonnais and Morvan. <\/p>\n<h3>Modern interpretations of traditional choreographies<\/h3>\n<p>However, the dance forms that can be observed in these regions today, and the way they are danced, no longer have much to do with the original traditions. Today&#8217;s dance practice is a revival of the bourr\u00e9e with changes that are characterized by the teaching of various dance leaders. <\/p>\n<h3>Dance steps and choreographies<\/h3>\n<p>The dance descriptions are based on contemporary practice and are more an interpretation of the traditional repertoire than a strict documentation of the bourr\u00e9e styles of past centuries. Allow yourself to learn the steps and figures such as Bourr\u00e9e droite, Avant-deux and many more. <\/p>\n<h3>Your dance instructions as a book and CD<\/h3>\n<p>For dancing the bourr\u00e9e choreographies presented in the book, the CD from our new dance repertoire series &#8220;Bourr\u00e9e Bourr\u00e9e Bourr\u00e9e&#8221; with recordings of the dances in an easily danceable form is included with the book.<\/p>\n<h3>Bring the bourr\u00e9e to life<\/h3>\n<p>Thanks to the comprehensive contents of this book, including a detailed map of the regions and an extensive glossary, you are well equipped to understand and dance the Bourr\u00e9e in all its diversity. From a general introduction to special basic forms to specific choreographies from different French regions &#8211; this book covers it all. <\/p>\n<h3>Dance with us!<\/h3>\n<p>If you are ready to delve deeper into the fascinating world of the bourr\u00e9e, &#8220;Bourr\u00e9e Bourr\u00e9e Bourr\u00e9e&#8221; offers the perfect opportunity. With in-depth knowledge, detailed descriptions and the accompanying CD, you can immediately start experiencing the lively melodies and rhythmic dances for yourself. Explore the cultural depth and historical significance as you immerse yourself step by step in the world of the Bourr\u00e9e. Get your copy now and start your dance adventure with &#8220;Bourr\u00e9e Bourr\u00e9e Bourr\u00e9e&#8221;.   <\/p>\n","protected":false},"excerpt":{"rendered":"<p>Dance instruction book &#8211; basic steps and 33 dance descriptions, instruction book for the French folk dance Bourr\u00e9e by Corina Oosterveen (Book &amp; CD)<\/p>\n","protected":false},"featured_media":4417,"comment_status":"closed","ping_status":"closed","template":"","meta":[],"product_brand":[],"product_cat":[481],"product_tag":[477,472,1080],"class_list":{"0":"post-3528","1":"product","2":"type-product","3":"status-publish","4":"has-post-thumbnail","6":"product_cat-non-fiction","7":"product_tag-bourree-en","8":"product_tag-sheet-music-for-bal-folk","9":"product_tag-traditional-music","10":"pa_b035_a01_b037-oosterveen-corina-en","12":"first","13":"instock","14":"taxable","15":"shipping-taxable","16":"purchasable","17":"product-type-simple"},"_links":{"self":[{"href":"https:\/\/spielleute.de\/en\/wp-json\/wp\/v2\/product\/3528","targetHints":{"allow":["GET"]}}],"collection":[{"href":"https:\/\/spielleute.de\/en\/wp-json\/wp\/v2\/product"}],"about":[{"href":"https:\/\/spielleute.de\/en\/wp-json\/wp\/v2\/types\/product"}],"replies":[{"embeddable":true,"href":"https:\/\/spielleute.de\/en\/wp-json\/wp\/v2\/comments?post=3528"}],"wp:featuredmedia":[{"embeddable":true,"href":"https:\/\/spielleute.de\/en\/wp-json\/wp\/v2\/media\/4417"}],"wp:attachment":[{"href":"https:\/\/spielleute.de\/en\/wp-json\/wp\/v2\/media?parent=3528"}],"wp:term":[{"taxonomy":"product_brand","embeddable":true,"href":"https:\/\/spielleute.de\/en\/wp-json\/wp\/v2\/product_brand?post=3528"},{"taxonomy":"product_cat","embeddable":true,"href":"https:\/\/spielleute.de\/en\/wp-json\/wp\/v2\/product_cat?post=3528"},{"taxonomy":"product_tag","embeddable":true,"href":"https:\/\/spielleute.de\/en\/wp-json\/wp\/v2\/product_tag?post=3528"}],"curies":[{"name":"wp","href":"https:\/\/api.w.org\/{rel}","templated":true}]}}