{"id":3450,"date":"2019-08-26T17:31:12","date_gmt":"2019-08-26T15:31:12","guid":{"rendered":"https:\/\/spielleute.de\/41-duets-for-hummelchen-and-dudey\/"},"modified":"2025-04-30T16:25:04","modified_gmt":"2025-04-30T14:25:04","slug":"41-duets-for-hummelchen-and-dudey","status":"publish","type":"product","link":"https:\/\/spielleute.de\/en\/41-duets-for-hummelchen-and-dudey\/","title":{"rendered":"41 Duets for H\u00fcmmelchen and Dudey"},"content":{"rendered":"<p>The collection &#8220;41 Duets for H\u00fcmmelchen and Dudey&#8221; is an excellent opportunity to expand the repertoire for the bagpipes H\u00fcmmelchen and Dudey in c\/f tuning.<\/p>\n<h3>Origin and inspiration<\/h3>\n<p>The origin of the collection goes back to playing music together &#8211; at home with friends, in lessons and at small auditions. Accordingly, the collection contains easy short pieces as well as those that require practice. The &#8220;41 Duets for H\u00fcmmelchen and Dudey&#8221; take us from the high Middle Ages to the present day.  <\/p>\n<h3>The uniqueness of duet playing<\/h3>\n<p>Playing duets with two bagpipes, as in 41 Duets for H\u00fcmmelchen and Dudey, offers a special charm. Playing some music in two different registers (e.g. soprano and alto) opens up completely different tonal possibilities.<\/p>\n<p>The cornamuse and crumhorn are close in sound to the bagpipes, while the gemshorn and recorder clearly stand out due to their articulation and timbre. The &#8220;41 duets for H\u00fcmmelchen and Dudey&#8221; show that this combination still exists in traditional music today: e.g. Charamella and Zampogna in Sicily or Bombarde and Binu in Brittany.<\/p>\n<h3>Freedom in the choice of music and instrumentation<\/h3>\n<p>With the &#8220;41 Duets for H\u00fcmmelchen and Dudey&#8221;, the different registers of the instruments can be used in a targeted way, e.g. flutes that sound an octave higher. In both early and traditional music there is no indication of instrumentation, which gives us the freedom to choose what we like with this collection. <\/p>\n<h3>Why &#8220;41 Duets for H\u00fcmmelchen and Dudey&#8221; is a must-have<\/h3>\n<p>The &#8220;41 Duets for H\u00fcmmelchen and Dudey&#8221; offer a varied repertoire that is suitable for both beginners and advanced players. The possibility of playing duets in different pitches opens up new tonal dimensions. In addition, the collection offers freedom in instrumentation and creative expansion possibilities through preludes, interludes and postludes as well as the use of medieval musical forms.<\/p>\n<p>Interesting background stories and anecdotes about many of the pieces in &#8220;41 Duets for H\u00fcmmelchen and Dudey&#8221; enrich your musical journey and offer new perspectives on the pieces.<\/p>\n","protected":false},"excerpt":{"rendered":"<p>Duets &#8211; arranged for H\u00fcmmelchen, Dudey and many other instruments. Compiled by Hermann Rieth <\/p>\n","protected":false},"featured_media":4477,"comment_status":"closed","ping_status":"closed","template":"","meta":[],"product_brand":[],"product_cat":[471],"product_tag":[475,492,491],"class_list":{"0":"post-3450","1":"product","2":"type-product","3":"status-publish","4":"has-post-thumbnail","6":"product_cat-sheet-music","7":"product_tag-early-music","8":"product_tag-sheet-music-for-bagpipes","9":"product_tag-sheet-music-for-hummelchen-and-dudey","10":"pa_b035_a01_b037-hermann-rieth-en","12":"first","13":"outofstock","14":"taxable","15":"shipping-taxable","16":"purchasable","17":"product-type-simple"},"_links":{"self":[{"href":"https:\/\/spielleute.de\/en\/wp-json\/wp\/v2\/product\/3450","targetHints":{"allow":["GET"]}}],"collection":[{"href":"https:\/\/spielleute.de\/en\/wp-json\/wp\/v2\/product"}],"about":[{"href":"https:\/\/spielleute.de\/en\/wp-json\/wp\/v2\/types\/product"}],"replies":[{"embeddable":true,"href":"https:\/\/spielleute.de\/en\/wp-json\/wp\/v2\/comments?post=3450"}],"wp:featuredmedia":[{"embeddable":true,"href":"https:\/\/spielleute.de\/en\/wp-json\/wp\/v2\/media\/4477"}],"wp:attachment":[{"href":"https:\/\/spielleute.de\/en\/wp-json\/wp\/v2\/media?parent=3450"}],"wp:term":[{"taxonomy":"product_brand","embeddable":true,"href":"https:\/\/spielleute.de\/en\/wp-json\/wp\/v2\/product_brand?post=3450"},{"taxonomy":"product_cat","embeddable":true,"href":"https:\/\/spielleute.de\/en\/wp-json\/wp\/v2\/product_cat?post=3450"},{"taxonomy":"product_tag","embeddable":true,"href":"https:\/\/spielleute.de\/en\/wp-json\/wp\/v2\/product_tag?post=3450"}],"curies":[{"name":"wp","href":"https:\/\/api.w.org\/{rel}","templated":true}]}}