{"id":3392,"date":"2021-10-01T17:33:26","date_gmt":"2021-10-01T15:33:26","guid":{"rendered":"https:\/\/spielleute.de\/the-dancing-bear-volume-3\/"},"modified":"2024-06-11T17:00:10","modified_gmt":"2024-06-11T15:00:10","slug":"the-dancing-bear-volume-3","status":"publish","type":"product","link":"https:\/\/spielleute.de\/en\/the-dancing-bear-volume-3\/","title":{"rendered":"The Dancing Bear &#8211; Volume 3"},"content":{"rendered":"<p>The selection of the third volume &#8220;Der Tanzb\u00e4r &#8211; Band 3&#8221; invites you to enjoy all the colorful things that dancing brings with it: pulse and rhythm, turning, creating together, enjoying music, being there with all your senses. It offers step sequences and sequences, talks about the character of the dances and wants to hint at where it can go beyond that.<\/p>\n<h3>More than just learning steps<\/h3>\n<p>The basics of the dances are taught in a clear, visually and didactically contemporary form. Wherever possible, graphics are used to clearly describe the spatial dimensions of the dances. It tells of the style and character of the movements. And very importantly, the music is included as an essential component for understanding the dances.<\/p>\n<h3>A diverse collection of dances<\/h3>\n<p>Dances from France, Germany, England and Sweden were compiled for &#8220;Der Tanzb\u00e4r &#8211; Band 3&#8221;. One focus is on Branles (chain dances). But there are also simple mixers, Central European couple dances and a few specialties for the more experienced.<\/p>\n<h3>Accompanied by a unique CD<\/h3>\n<p>The CD accompanying the book is a joint production by the groups Hay-Non, Die Hayner, Wechselbalg and Au Gre des Vents. The melodies used are traditional or composed for the respective dances.<\/p>\n<h3>A selection of the dances in &#8220;The Dancing Bear &#8211; Volume 3&#8221;<\/h3>\n<ul>\n<li>Mixer: Valse coup\u00e9e, Mara\u00eechine, Match polka<\/li>\n<li>Couple dances: Baillez-Li, Dans Mol\u00e8ne, Italian Polka, Mexican Waltz, Les Quatre Pas de Luxey, Rondeau des Petites Landes, Schlittschuhl\u00e4ufer, Bachm\u00fchlerl and Der rote Kragen (Zwiefache), Swedish Schottisch variant, Stigvals<\/li>\n<li>Circle and chain dances: Veila Rosa Bliamala, Bransle au gr\u00e9 des Musiciens, Branle d&#8217;Ecosse, L&#8217;homme qui marche, Gavotte, Sellingers Round<\/li>\n<li>For several dancers: Courante de Lomagne, Bourr\u00e9e de La Ch\u00e2tre<\/li>\n<\/ul>\n<h3>A textbook that invites you to dance<\/h3>\n<p>Into the dancing fun! The selection in this collection is an invitation to all the colorful things that dance brings with it: pulse and rhythm, turning, creating together, enjoying music, being there with all your senses.<\/p>\n<p>&#8220;Der Tanzb\u00e4r &#8211; Band 3&#8221; offers a fascinating introduction to the world of folk dances, enriched by practical instructions, profound insights into dance culture and a CD that brings the melodies to life. This book is a must for anyone who wants to discover the world of dance, whether at home or on the dance floor.<\/p>\n","protected":false},"excerpt":{"rendered":"<p>21 folk dances to join in &#8211; dance instruction book with accompanying CD<\/p>\n","protected":false},"featured_media":4369,"comment_status":"closed","ping_status":"closed","template":"","meta":[],"product_brand":[],"product_cat":[481],"product_tag":[477,483,482,1080],"class_list":{"0":"post-3392","1":"product","2":"type-product","3":"status-publish","4":"has-post-thumbnail","6":"product_cat-non-fiction","7":"product_tag-bourree-en","8":"product_tag-learn-breton-dances","9":"product_tag-traditional-dances","10":"product_tag-traditional-music","12":"first","13":"instock","14":"taxable","15":"shipping-taxable","16":"purchasable","17":"product-type-simple"},"_links":{"self":[{"href":"https:\/\/spielleute.de\/en\/wp-json\/wp\/v2\/product\/3392","targetHints":{"allow":["GET"]}}],"collection":[{"href":"https:\/\/spielleute.de\/en\/wp-json\/wp\/v2\/product"}],"about":[{"href":"https:\/\/spielleute.de\/en\/wp-json\/wp\/v2\/types\/product"}],"replies":[{"embeddable":true,"href":"https:\/\/spielleute.de\/en\/wp-json\/wp\/v2\/comments?post=3392"}],"wp:featuredmedia":[{"embeddable":true,"href":"https:\/\/spielleute.de\/en\/wp-json\/wp\/v2\/media\/4369"}],"wp:attachment":[{"href":"https:\/\/spielleute.de\/en\/wp-json\/wp\/v2\/media?parent=3392"}],"wp:term":[{"taxonomy":"product_brand","embeddable":true,"href":"https:\/\/spielleute.de\/en\/wp-json\/wp\/v2\/product_brand?post=3392"},{"taxonomy":"product_cat","embeddable":true,"href":"https:\/\/spielleute.de\/en\/wp-json\/wp\/v2\/product_cat?post=3392"},{"taxonomy":"product_tag","embeddable":true,"href":"https:\/\/spielleute.de\/en\/wp-json\/wp\/v2\/product_tag?post=3392"}],"curies":[{"name":"wp","href":"https:\/\/api.w.org\/{rel}","templated":true}]}}